{"id":110191,"date":"2024-03-28T10:27:10","date_gmt":"2024-03-28T09:27:10","guid":{"rendered":"https:\/\/www.budoshop.si\/?post_type=product&#038;p=110191"},"modified":"2026-01-22T13:07:54","modified_gmt":"2026-01-22T12:07:54","slug":"set-dvanajst-metalnih-nozev-z-etuijem-novo","status":"publish","type":"product","link":"https:\/\/www.budoshop.si\/sl\/izdelek\/set-dvanajst-metalnih-nozev-z-etuijem-novo\/","title":{"rendered":"Set 12 metalnih no\u017eev z etuijem"},"content":{"rendered":"<p><span class=\"HwtZe\" lang=\"sl\" style=\"font-size: 15px; color: #993300;\"><span class=\"jCAhz ChMk0b\"><span class=\"ryNqvb\">Odli\u010den komplet dvanajstih metalnih no\u017eev. 6 metalnih no\u017eev je peskanih, 6 metalnih no\u017eev pa je \u010drno prevle\u010denih.<\/span><\/span> <span class=\"jCAhz ChMk0b\"><span class=\"ryNqvb\">Pri ro\u010daju pa so vsi oviti z vrvico.<\/span><\/span><br \/>\n<span class=\"jCAhz ChMk0b\"><span class=\"ryNqvb\">Dobavljeno v prakti\u010dni najlonski torbici z zadrgo.<\/span><\/span><\/span><\/p>\n<p><span class=\"jCAhz ChMk0b\" style=\"color: #993300;\"><span class=\"ryNqvb\">Material rezila: nerjave\u010de jeklo 420<\/span><\/span><br \/>\n<span class=\"jCAhz ChMk0b\" style=\"color: #993300;\"><span class=\"ryNqvb\">Material ro\u010daja: najlon<\/span><\/span><br \/>\n<span class=\"jCAhz ChMk0b\" style=\"color: #993300;\"><span class=\"ryNqvb\">Etui: najlon<\/span><\/span><br \/>\n<span class=\"jCAhz ChMk0b\" style=\"color: #993300;\"><span class=\"ryNqvb\">Dol\u017eina rezila: 75 mm<\/span><\/span><br \/>\n<span class=\"jCAhz ChMk0b\" style=\"color: #993300;\"><span class=\"ryNqvb\">Skupna dol\u017eina: 150 mm<\/span><\/span><br \/>\n<span class=\"jCAhz ChMk0b\" style=\"color: #993300;\"><span class=\"ryNqvb\">Te\u017ea (na no\u017e): 35 g<\/span><\/span><\/p>\n<p><span style=\"font-size: 11px; color: #993300;\">Opozorilo!<\/span><br \/>\n<span style=\"font-size: 11px; color: #993300;\">\u25ba Artikel je namenjen samo dekorativni uporabi oziroma osebnemu treningu borilnih ve\u0161\u010din.<\/span><br \/>\n<span style=\"font-size: 11px; color: #993300;\">\u25ba Po prodaji, prodajalec ni ve\u010d odgovoren za nikakr\u0161ne po\u0161kodbe, ki se lahko zgodijo zaradi napa\u010dne uporabe ali zanemarjanja teh opozoril. Novi lastnik prevzema popolno odgovornost za skrb in uporabo tega artikla.<\/span><br \/>\n<span style=\"font-size: 11px; color: #993300;\">\u25ba Vsakr\u0161na napa\u010dna uporaba ali nepazljivost lahko vam ali drugemu povzro\u010di resne po\u0161kodbe ali celo smrt!<\/span><br \/>\n<span style=\"font-size: 11px; color: #993300;\">\u25ba Ta artikel se v nobenem primeru ne sme uporabljati na drugi osebi!<\/span><\/p>\n","protected":false},"excerpt":{"rendered":"<p><span style=\"color: #003366;\"><strong>Komplet 12 metalnih no\u017eev z etuijem na zadrgo.<\/strong><\/span><\/p>\n","protected":false},"featured_media":110193,"comment_status":"open","ping_status":"closed","template":"","meta":[],"product_brand":[5610],"product_cat":[5376,5374,5369,847,1037,731],"product_tag":[],"class_list":{"0":"post-110191","1":"product","2":"type-product","3":"status-publish","4":"has-post-thumbnail","6":"product_brand-haller","7":"product_cat-haller-2","8":"product_cat-haller-sl","9":"product_cat-metalni-nozi","10":"product_cat-ninja-1","11":"product_cat-ninjutsu-3","12":"product_cat-ostalo-2","14":"first","15":"instock","16":"taxable","17":"shipping-taxable","18":"purchasable","19":"product-type-simple"},"_links":{"self":[{"href":"https:\/\/www.budoshop.si\/sl\/wp-json\/wp\/v2\/product\/110191","targetHints":{"allow":["GET"]}}],"collection":[{"href":"https:\/\/www.budoshop.si\/sl\/wp-json\/wp\/v2\/product"}],"about":[{"href":"https:\/\/www.budoshop.si\/sl\/wp-json\/wp\/v2\/types\/product"}],"replies":[{"embeddable":true,"href":"https:\/\/www.budoshop.si\/sl\/wp-json\/wp\/v2\/comments?post=110191"}],"wp:featuredmedia":[{"embeddable":true,"href":"https:\/\/www.budoshop.si\/sl\/wp-json\/wp\/v2\/media\/110193"}],"wp:attachment":[{"href":"https:\/\/www.budoshop.si\/sl\/wp-json\/wp\/v2\/media?parent=110191"}],"wp:term":[{"taxonomy":"product_brand","embeddable":true,"href":"https:\/\/www.budoshop.si\/sl\/wp-json\/wp\/v2\/product_brand?post=110191"},{"taxonomy":"product_cat","embeddable":true,"href":"https:\/\/www.budoshop.si\/sl\/wp-json\/wp\/v2\/product_cat?post=110191"},{"taxonomy":"product_tag","embeddable":true,"href":"https:\/\/www.budoshop.si\/sl\/wp-json\/wp\/v2\/product_tag?post=110191"}],"curies":[{"name":"wp","href":"https:\/\/api.w.org\/{rel}","templated":true}]}}