{"id":110165,"date":"2024-03-28T09:00:57","date_gmt":"2024-03-28T08:00:57","guid":{"rendered":"https:\/\/www.budoshop.si\/?post_type=product&#038;p=110165"},"modified":"2026-03-09T08:24:34","modified_gmt":"2026-03-09T07:24:34","slug":"metalni-noz-z-etuijem-haller-novo","status":"publish","type":"product","link":"https:\/\/www.budoshop.si\/sl\/izdelek\/metalni-noz-z-etuijem-haller-novo\/","title":{"rendered":"Metalni no\u017e z etuijem &#8221;HALLER&#8221;"},"content":{"rendered":"<p><span class=\"HwtZe\" lang=\"sl\" style=\"font-size: 15px; color: #993300;\"><span class=\"jCAhz ChMk0b\"><span class=\"ryNqvb\">Mo\u010dan metalni no\u017e z debelino rezila 4 mm.<\/span><\/span> <span class=\"jCAhz ChMk0b\"><span class=\"ryNqvb\">V celoti izdelan iz jekla, prevle\u010denega s titanom, in ovit z vrvico na ro\u010daju za bolj\u0161i ob\u010dutek.<\/span><\/span><\/span><\/p>\n<p><span class=\"jCAhz ChMk0b\" style=\"color: #993300;\"><span class=\"ryNqvb\">Material rezila: nerjave\u010de jeklo 420<\/span><\/span><br \/>\n<span class=\"jCAhz ChMk0b\" style=\"color: #993300;\"><span class=\"ryNqvb\">Material ro\u010daja: najlon<\/span><\/span><br \/>\n<span style=\"color: #993300;\">Etui<span class=\"jCAhz ChMk0b\"><span class=\"ryNqvb\">: najlon<\/span><\/span><\/span><br \/>\n<span class=\"jCAhz ChMk0b\" style=\"color: #993300;\"><span class=\"ryNqvb\">Dol\u017eina rezila: 180 mm<\/span><\/span><br \/>\n<span class=\"jCAhz ChMk0b\" style=\"color: #993300;\"><span class=\"ryNqvb\">Skupna dol\u017eina: 300 mm<\/span><\/span><br \/>\n<span class=\"jCAhz ChMk0b\" style=\"color: #993300;\"><span class=\"ryNqvb\">Te\u017ea: cca. 240 g<\/span><\/span><\/p>\n<p><span style=\"font-size: 11px; color: #993300;\">Opozorilo!<\/span><br \/>\n<span style=\"font-size: 11px; color: #993300;\">\u25ba Artikel je namenjen samo dekorativni uporabi oziroma osebnemu treningu borilnih ve\u0161\u010din.<\/span><br \/>\n<span style=\"font-size: 11px; color: #993300;\">\u25ba Po prodaji, prodajalec ni ve\u010d odgovoren za nikakr\u0161ne po\u0161kodbe, ki se lahko zgodijo zaradi napa\u010dne uporabe ali zanemarjanja teh opozoril. Novi lastnik prevzema popolno odgovornost za skrb in uporabo tega artikla.<\/span><br \/>\n<span style=\"font-size: 11px; color: #993300;\">\u25ba Vsakr\u0161na napa\u010dna uporaba ali nepazljivost lahko vam ali drugemu povzro\u010di resne po\u0161kodbe ali celo smrt!<\/span><br \/>\n<span style=\"font-size: 11px; color: #993300;\">\u25ba Ta artikel se v nobenem primeru ne sme uporabljati na drugi osebi!<\/span><\/p>\n","protected":false},"excerpt":{"rendered":"<p><span style=\"color: #003366;\"><strong>S titanom prevle\u010den jeklen metalni no\u017e z etuijem.<\/strong><\/span><\/p>\n","protected":false},"featured_media":110162,"comment_status":"open","ping_status":"closed","template":"","meta":[],"product_brand":[5610],"product_cat":[1037,847,731,5369,5376,5374],"product_tag":[],"class_list":{"0":"post-110165","1":"product","2":"type-product","3":"status-publish","4":"has-post-thumbnail","6":"product_brand-haller","7":"product_cat-ninjutsu-3","8":"product_cat-ninja-1","9":"product_cat-ostalo-2","10":"product_cat-metalni-nozi","11":"product_cat-haller-2","12":"product_cat-haller-sl","14":"first","15":"instock","16":"taxable","17":"shipping-taxable","18":"purchasable","19":"product-type-simple"},"_links":{"self":[{"href":"https:\/\/www.budoshop.si\/sl\/wp-json\/wp\/v2\/product\/110165","targetHints":{"allow":["GET"]}}],"collection":[{"href":"https:\/\/www.budoshop.si\/sl\/wp-json\/wp\/v2\/product"}],"about":[{"href":"https:\/\/www.budoshop.si\/sl\/wp-json\/wp\/v2\/types\/product"}],"replies":[{"embeddable":true,"href":"https:\/\/www.budoshop.si\/sl\/wp-json\/wp\/v2\/comments?post=110165"}],"wp:featuredmedia":[{"embeddable":true,"href":"https:\/\/www.budoshop.si\/sl\/wp-json\/wp\/v2\/media\/110162"}],"wp:attachment":[{"href":"https:\/\/www.budoshop.si\/sl\/wp-json\/wp\/v2\/media?parent=110165"}],"wp:term":[{"taxonomy":"product_brand","embeddable":true,"href":"https:\/\/www.budoshop.si\/sl\/wp-json\/wp\/v2\/product_brand?post=110165"},{"taxonomy":"product_cat","embeddable":true,"href":"https:\/\/www.budoshop.si\/sl\/wp-json\/wp\/v2\/product_cat?post=110165"},{"taxonomy":"product_tag","embeddable":true,"href":"https:\/\/www.budoshop.si\/sl\/wp-json\/wp\/v2\/product_tag?post=110165"}],"curies":[{"name":"wp","href":"https:\/\/api.w.org\/{rel}","templated":true}]}}