{"id":110124,"date":"2024-03-27T17:40:26","date_gmt":"2024-03-27T16:40:26","guid":{"rendered":"https:\/\/www.budoshop.si\/?post_type=product&#038;p=110124"},"modified":"2026-01-29T13:46:25","modified_gmt":"2026-01-29T12:46:25","slug":"zidno-stojalo-za-dva-katana-meca-samurai-novo","status":"publish","type":"product","link":"https:\/\/www.budoshop.si\/sl\/izdelek\/zidno-stojalo-za-dva-katana-meca-samurai-novo\/","title":{"rendered":"Zidni nosilec za dva Katana me\u010da &#8221;SAMURAI&#8221;"},"content":{"rendered":"<p><span style=\"font-size: 15px; color: #993300;\">Leseno zidno stojalo za vodoravno postavitev para Katana me\u010dev. Izdelan iz obarvanega lesa z atraktivnim SAMURAI emblemom.<br \/>\nS postavitvijo tega stojala na pravo mesto bosta va\u0161a me\u010da pri\u0161la \u0161e bolj do izraza in bosta \u0161e bolj poudarila svojo plemenitost.<\/span><\/p>\n<p><span style=\"font-size: 15px; color: #993300;\">\u010crne barve.<\/span><\/p>\n<p><span style=\"font-size: 15px; color: #993300;\">Mere:<br \/>\nVi\u0161ina: cca. 28 cm<br \/>\n\u0160irina: cca. 45 cm<\/span><\/p>\n","protected":false},"excerpt":{"rendered":"<p><span style=\"color: #003366;\"><strong>Leseno zidno stojalo za dva Katana me\u010da s SAMURAI emblemom<\/strong>.<\/span><\/p>\n","protected":false},"featured_media":110121,"comment_status":"open","ping_status":"closed","template":"","meta":[],"product_brand":[5610],"product_cat":[1035,1037,763,5376,5374],"product_tag":[],"class_list":{"0":"post-110124","1":"product","2":"type-product","3":"status-publish","4":"has-post-thumbnail","6":"product_brand-haller","7":"product_cat-aikido-kendo-iai-kobudo-1","8":"product_cat-ninjutsu-3","9":"product_cat-stojala","10":"product_cat-haller-2","11":"product_cat-haller-sl","13":"first","14":"outofstock","15":"taxable","16":"shipping-taxable","17":"purchasable","18":"product-type-simple"},"_links":{"self":[{"href":"https:\/\/www.budoshop.si\/sl\/wp-json\/wp\/v2\/product\/110124","targetHints":{"allow":["GET"]}}],"collection":[{"href":"https:\/\/www.budoshop.si\/sl\/wp-json\/wp\/v2\/product"}],"about":[{"href":"https:\/\/www.budoshop.si\/sl\/wp-json\/wp\/v2\/types\/product"}],"replies":[{"embeddable":true,"href":"https:\/\/www.budoshop.si\/sl\/wp-json\/wp\/v2\/comments?post=110124"}],"wp:featuredmedia":[{"embeddable":true,"href":"https:\/\/www.budoshop.si\/sl\/wp-json\/wp\/v2\/media\/110121"}],"wp:attachment":[{"href":"https:\/\/www.budoshop.si\/sl\/wp-json\/wp\/v2\/media?parent=110124"}],"wp:term":[{"taxonomy":"product_brand","embeddable":true,"href":"https:\/\/www.budoshop.si\/sl\/wp-json\/wp\/v2\/product_brand?post=110124"},{"taxonomy":"product_cat","embeddable":true,"href":"https:\/\/www.budoshop.si\/sl\/wp-json\/wp\/v2\/product_cat?post=110124"},{"taxonomy":"product_tag","embeddable":true,"href":"https:\/\/www.budoshop.si\/sl\/wp-json\/wp\/v2\/product_tag?post=110124"}],"curies":[{"name":"wp","href":"https:\/\/api.w.org\/{rel}","templated":true}]}}