{"id":110088,"date":"2024-03-27T12:38:42","date_gmt":"2024-03-27T11:38:42","guid":{"rendered":"https:\/\/www.budoshop.si\/?post_type=product&#038;p=110088"},"modified":"2024-11-08T20:28:42","modified_gmt":"2024-11-08T19:28:42","slug":"shinobi-katana-ninja-to-shinken-novo","status":"publish","type":"product","link":"https:\/\/www.budoshop.si\/sl\/izdelek\/shinobi-katana-ninja-to-shinken-novo\/","title":{"rendered":"SHINOBI KATANA (Ninja-to) &#8221;SHINKEN&#8221;"},"content":{"rendered":"<div>\n<p><span style=\"font-size: 15px; color: #993300;\">Pravi oster trening Ninja me\u010d.<\/span><\/p>\n<p><span style=\"font-size: 15px; color: #993300;\">Ninja me\u010d se od klasi\u010dnega Katana me\u010da razlikuje po tem, da je na videz neak Katana, a ima kraj\u0161e rezilo, kar pripomore k hitrej\u0161emu izvleku.<br \/>\nTa me\u010d je izdelan po tradicionalni japonski metodi izdalave me\u010dev, za izdelavo pa so uporabljeni samo najkvalitetnej\u0161i materiali. Rezilo je narejeno iz 9260 HIGH CARBON jekla. Vsi sestavni deli (Tsuba, Fuchi, Kashira, Habaki) so kovinski, za razliko od poceni me\u010dev, kjer so ti deli narejeni iz aluminijaste litine. Me\u010d se za la\u017eje vzdr\u017eevanje lahko popolnoma razstavi.<\/span><\/p>\n<\/div>\n<p><span style=\"font-size: 15px; color: #993300;\">Detalji:<\/span><br \/>\n<span style=\"font-size: 15px; color: #993300;\">Kovina: 9260 High Carbon Steel<\/span><br \/>\n<span style=\"font-size: 15px; color: #993300;\">NAGASA (dol\u017eina rezila): 57 cm<\/span><br \/>\n<span style=\"font-size: 15px; color: #993300;\">HAMON (motiv ostrine): Notare stil<\/span><br \/>\n<span style=\"font-size: 15px; color: #993300;\">SORI (ukrivljenost): 1,80 cm<\/span><br \/>\n<span style=\"font-size: 15px; color: #993300;\">TSUKA (ro\u010daj): 30,5 cm<\/span><br \/>\n<span style=\"font-size: 15px; color: #993300;\">TSUKA ITO (navitje ro\u010daja): bomba\u017eno \u010drne barve (Katate Maki stil)<\/span><br \/>\n<span style=\"font-size: 15px; color: #993300;\">SAME (podloga ro\u010daja): pravo ribje usnje<\/span><br \/>\n<span style=\"font-size: 15px; color: #993300;\">TSUBA (\u0161\u010ditnik): Cho Hokei<\/span><br \/>\n<span style=\"font-size: 15px; color: #993300;\">BOHI (\u017eleb v rezilo): DA<\/span><br \/>\n<span style=\"font-size: 15px; color: #993300;\">SAYA (no\u017enica): 76 cm \u010drno lakiran les<\/span><br \/>\n<span style=\"font-size: 15px; color: #993300;\">SAGEO (vrvica): bomba\u017ena \u010drne barve<\/span><br \/>\n<span style=\"font-size: 15px; color: #993300;\">MEKUGI (zati\u010d): bambusov X 2<\/span><br \/>\n<span style=\"font-size: 15px; color: #993300;\">Te\u017ea: cca 1.000g (s Sayo), 850g (brez Saye)<\/span><\/p>\n<p><span style=\"font-size: 15px; color: #993300;\">Me\u010d JE nabru\u0161en.<\/span><\/p>\n<div>\n<p><span style=\"font-size: 15px; color: #993300;\">Darilo: prenosna torba<\/span><\/p>\n<p><span style=\"font-size: 15px; color: #993300;\">TA ARTIKEL PRODAJAMO SAMO POLNOLETNIM OSEBAM!!!<\/span><\/p>\n<\/div>\n<div><\/div>\n<div><\/div>\n<div><span style=\"font-size: 11px; color: #993300;\">Opozorilo!<\/span><br \/>\n<span style=\"font-size: 11px; color: #993300;\">\u25ba Artikel je namenjen samo dekorativni uporabi oziroma osebnemu treningu borilnih ve\u0161\u010din.<\/span><br \/>\n<span style=\"font-size: 11px; color: #993300;\">\u25ba Po prodaji, prodajalec ni ve\u010d odgovoren za nikakr\u0161ne po\u0161kodbe, ki se lahko zgodijo zaradi napa\u010dne uporabe ali zanemarjanja teh opozoril. Novi lastnik prevzema popolno odgovornost za skrb in uporabo tega artikla.<\/span><br \/>\n<span style=\"font-size: 11px; color: #993300;\">\u25ba Vsakr\u0161na napa\u010dna uporaba ali nepazljivost lahko vam ali drugemu povzro\u010di resne po\u0161kodbe ali celo smrt!<\/span><br \/>\n<span style=\"font-size: 11px; color: #993300;\">\u25ba Ta artikel se v nobenem primeru ne sme uporabljati na drugi osebi!<\/span><\/div>\n","protected":false},"excerpt":{"rendered":"<p><span style=\"color: #003366;\"><strong>Pravi oster japonski kovinski trening NINJA me\u010d!<\/strong><\/span><\/p>\n","protected":false},"featured_media":110085,"comment_status":"open","ping_status":"closed","template":"","meta":[],"product_brand":[],"product_cat":[5375,5377,847,851,1037,931,5384],"product_tag":[],"class_list":{"0":"post-110088","1":"product","2":"type-product","3":"status-publish","4":"has-post-thumbnail","6":"product_cat-john-lee-sl","7":"product_cat-john-lee-2","8":"product_cat-ninja-1","9":"product_cat-ninja-meci","10":"product_cat-ninjutsu-3","11":"product_cat-posebni-meci","12":"product_cat-shinken-trening-katana-meci","14":"first","15":"instock","16":"taxable","17":"shipping-taxable","18":"purchasable","19":"product-type-simple"},"_links":{"self":[{"href":"https:\/\/www.budoshop.si\/sl\/wp-json\/wp\/v2\/product\/110088","targetHints":{"allow":["GET"]}}],"collection":[{"href":"https:\/\/www.budoshop.si\/sl\/wp-json\/wp\/v2\/product"}],"about":[{"href":"https:\/\/www.budoshop.si\/sl\/wp-json\/wp\/v2\/types\/product"}],"replies":[{"embeddable":true,"href":"https:\/\/www.budoshop.si\/sl\/wp-json\/wp\/v2\/comments?post=110088"}],"wp:featuredmedia":[{"embeddable":true,"href":"https:\/\/www.budoshop.si\/sl\/wp-json\/wp\/v2\/media\/110085"}],"wp:attachment":[{"href":"https:\/\/www.budoshop.si\/sl\/wp-json\/wp\/v2\/media?parent=110088"}],"wp:term":[{"taxonomy":"product_brand","embeddable":true,"href":"https:\/\/www.budoshop.si\/sl\/wp-json\/wp\/v2\/product_brand?post=110088"},{"taxonomy":"product_cat","embeddable":true,"href":"https:\/\/www.budoshop.si\/sl\/wp-json\/wp\/v2\/product_cat?post=110088"},{"taxonomy":"product_tag","embeddable":true,"href":"https:\/\/www.budoshop.si\/sl\/wp-json\/wp\/v2\/product_tag?post=110088"}],"curies":[{"name":"wp","href":"https:\/\/api.w.org\/{rel}","templated":true}]}}