{"id":110072,"date":"2024-03-27T12:08:17","date_gmt":"2024-03-27T11:08:17","guid":{"rendered":"https:\/\/www.budoshop.si\/?post_type=product&#038;p=110072"},"modified":"2026-01-22T12:50:48","modified_gmt":"2026-01-22T11:50:48","slug":"katana-set-white-dragon-novo","status":"publish","type":"product","link":"https:\/\/www.budoshop.si\/sl\/izdelek\/katana-set-white-dragon-novo\/","title":{"rendered":"Katana set &#8221;WHITE DRAGON&#8221;"},"content":{"rendered":"<div>\n<p><span style=\"font-size: 15px; color: #993300;\">Celoten komplet okrasnih Samurajskih Katana me\u010dev. Komplet je sestavljen iz dolgega me\u010da (Katana), kraj\u0161ega me\u010da (Wakizashi) in no\u017ea (Tanto). Lesene no\u017enice so v beli barvi z vgraviranim motivom zmaja, ro\u010daji pa so bele barve. Tsube (\u0161\u010ditnik) so srebrne barve z motivom zmaja. Rezila so izdelana iz nerjave\u010dega jekla in dobro uravnove\u0161ena. Me\u010di so primerni tako za dekoracijo prostora kot tudi za lahkoten trening.<\/span><\/p>\n<p><span style=\"font-size: 15px; color: #993300;\">Mere: <\/span><br \/>\n<span style=\"font-size: 15px; color: #993300;\">&#8211; Katana: dol\u017eina rezila 68 cm, skupna dol\u017eina 100 cm, te\u017ea 6810 g (s Sayo 1.080 g)<\/span><br \/>\n<span style=\"font-size: 15px; color: #993300;\">&#8211; Wakizashi: dol\u017eina rezila 48 cm, skupna dol\u017eina 78 cm, te\u017ea 585 g (s Sayo 735 g)<\/span><br \/>\n<span style=\"font-size: 15px; color: #993300;\">&#8211; Tanto: dol\u017eina rezila 28 cm, skupna dol\u017eina 55 cm, te\u017ea 295 g (s Sayo 400 g)<\/span><\/p>\n<p><span style=\"font-size: 15px; color: #993300;\">Darilo: sestavljivo namizno stojalo \u010drne barve!<\/span><\/p>\n<p><span style=\"font-size: 15px; color: #993300;\">TA ARTIKEL PRODAJAMO SAMO POLNOLETNIM OSEBAM!!<\/span><\/p>\n<\/div>\n<div><\/div>\n<div><\/div>\n<div><span style=\"font-size: 11px; color: #993300;\">Opozorilo!<\/span><br \/>\n<span style=\"font-size: 11px; color: #993300;\">\u25ba Artikel je namenjen samo dekorativni uporabi oziroma osebnemu treningu borilnih ve\u0161\u010din.<\/span><br \/>\n<span style=\"font-size: 11px; color: #993300;\">\u25ba Po prodaji, prodajalec ni ve\u010d odgovoren za nikakr\u0161ne po\u0161kodbe, ki se lahko zgodijo zaradi napa\u010dne uporabe ali zanemarjanja teh opozoril. Novi lastnik prevzema popolno odgovornost za skrb in uporabo tega artikla.<\/span><br \/>\n<span style=\"font-size: 11px; color: #993300;\">\u25ba Vsakr\u0161na napa\u010dna uporaba ali nepazljivost lahko vam ali drugemu povzro\u010di resne po\u0161kodbe ali celo smrt!<\/span><br \/>\n<span style=\"font-size: 11px; color: #993300;\">\u25ba Ta artikel se v nobenem primeru ne sme uporabljati na drugi osebi!<\/span><\/div>\n","protected":false},"excerpt":{"rendered":"<p><span style=\"color: #003366;\"><strong>Komplet treh belih Samurajskih me\u010dev s stojalom.<\/strong><\/span><\/p>\n","protected":false},"featured_media":110067,"comment_status":"open","ping_status":"closed","template":"","meta":[],"product_brand":[5610],"product_cat":[1035,5374,5376,761,853,1037],"product_tag":[],"class_list":{"0":"post-110072","1":"product","2":"type-product","3":"status-publish","4":"has-post-thumbnail","6":"product_brand-haller","7":"product_cat-aikido-kendo-iai-kobudo-1","8":"product_cat-haller-sl","9":"product_cat-haller-2","10":"product_cat-kompleti","11":"product_cat-kovinski-katana","12":"product_cat-ninjutsu-3","14":"first","15":"outofstock","16":"taxable","17":"shipping-taxable","18":"purchasable","19":"product-type-simple"},"_links":{"self":[{"href":"https:\/\/www.budoshop.si\/sl\/wp-json\/wp\/v2\/product\/110072","targetHints":{"allow":["GET"]}}],"collection":[{"href":"https:\/\/www.budoshop.si\/sl\/wp-json\/wp\/v2\/product"}],"about":[{"href":"https:\/\/www.budoshop.si\/sl\/wp-json\/wp\/v2\/types\/product"}],"replies":[{"embeddable":true,"href":"https:\/\/www.budoshop.si\/sl\/wp-json\/wp\/v2\/comments?post=110072"}],"wp:featuredmedia":[{"embeddable":true,"href":"https:\/\/www.budoshop.si\/sl\/wp-json\/wp\/v2\/media\/110067"}],"wp:attachment":[{"href":"https:\/\/www.budoshop.si\/sl\/wp-json\/wp\/v2\/media?parent=110072"}],"wp:term":[{"taxonomy":"product_brand","embeddable":true,"href":"https:\/\/www.budoshop.si\/sl\/wp-json\/wp\/v2\/product_brand?post=110072"},{"taxonomy":"product_cat","embeddable":true,"href":"https:\/\/www.budoshop.si\/sl\/wp-json\/wp\/v2\/product_cat?post=110072"},{"taxonomy":"product_tag","embeddable":true,"href":"https:\/\/www.budoshop.si\/sl\/wp-json\/wp\/v2\/product_tag?post=110072"}],"curies":[{"name":"wp","href":"https:\/\/api.w.org\/{rel}","templated":true}]}}