{"id":110043,"date":"2024-03-27T10:05:27","date_gmt":"2024-03-27T09:05:27","guid":{"rendered":"https:\/\/www.budoshop.si\/?post_type=product&#038;p=110043"},"modified":"2026-01-22T12:24:02","modified_gmt":"2026-01-22T11:24:02","slug":"gumiran-vadbeni-noz-tanto-soft-novo","status":"publish","type":"product","link":"https:\/\/www.budoshop.si\/sl\/izdelek\/gumiran-vadbeni-noz-tanto-soft-novo\/","title":{"rendered":"Gumiran vadbeni no\u017e &#8221;Tanto SOFT&#8221;"},"content":{"rendered":"<p><span style=\"font-size: 15px; color: #993300;\"><span class=\"HwtZe\" lang=\"sl\"><span class=\"jCAhz ChMk0b\"><span class=\"ryNqvb\">Zdaj lahko popolno varno vadite z novimi gumijastimi no\u017ei za treniranje.<\/span><\/span> <span class=\"jCAhz ChMk0b\"><span class=\"ryNqvb\">No\u017ei so bili skrbno oblikovani, da izgledajo \u010dim bolj realisti\u010dno, tako da jih je mogo\u010de u\u010dinkovito uporabljati pri samostojni vadbi, vadbah s partnerjem, vadbah razoro\u017eevanja, demonstracijah in kateri koli drugi dejavnostih pri katerih \u017eelimo dose\u010di realnost<\/span><\/span><\/span> a se hkrati izogniti nevarnosti in tveganosti po\u0161kodb, ki jih povro\u010di pravi no\u017e. Guma je dovolj mehka, da z njo ni mo\u010d povro\u010dati po\u0161kodb a hkrati dovolj trdna in pro\u017ena, da se ne uni\u010di tudi pri najmo\u010dnej\u0161em treningu.<\/span><\/p>\n<p><span style=\"font-size: 15px; color: #993300;\">Mere: <\/span><br \/>\n<span style=\"font-size: 15px; color: #993300;\">dol\u017eina rezila: 16 cm, <\/span><br \/>\n<span style=\"font-size: 15px; color: #993300;\">dol\u017eina celega no\u017ea: 28,5 cm,<\/span><br \/>\n<span style=\"font-size: 15px; color: #993300;\">te\u017ea: 95g<\/span><\/p>\n","protected":false},"excerpt":{"rendered":"<p><span style=\"color: #003366;\"><strong>Mehkej\u0161a razli\u010dica gumiranega trening no\u017ea.<\/strong><\/span><\/p>\n","protected":false},"featured_media":110039,"comment_status":"open","ping_status":"closed","template":"","meta":[],"product_brand":[5610],"product_cat":[1035,5379,5378,1033,1029,1037,813],"product_tag":[],"class_list":{"0":"post-110043","1":"product","2":"type-product","3":"status-publish","4":"has-post-thumbnail","6":"product_brand-haller","7":"product_cat-aikido-kendo-iai-kobudo-1","8":"product_cat-blackfield-2","9":"product_cat-blackfield","10":"product_cat-ju-jitsujiu-jitsu-1","11":"product_cat-karate-5","12":"product_cat-ninjutsu-3","13":"product_cat-nozi","15":"first","16":"instock","17":"taxable","18":"shipping-taxable","19":"purchasable","20":"product-type-simple"},"_links":{"self":[{"href":"https:\/\/www.budoshop.si\/sl\/wp-json\/wp\/v2\/product\/110043","targetHints":{"allow":["GET"]}}],"collection":[{"href":"https:\/\/www.budoshop.si\/sl\/wp-json\/wp\/v2\/product"}],"about":[{"href":"https:\/\/www.budoshop.si\/sl\/wp-json\/wp\/v2\/types\/product"}],"replies":[{"embeddable":true,"href":"https:\/\/www.budoshop.si\/sl\/wp-json\/wp\/v2\/comments?post=110043"}],"wp:featuredmedia":[{"embeddable":true,"href":"https:\/\/www.budoshop.si\/sl\/wp-json\/wp\/v2\/media\/110039"}],"wp:attachment":[{"href":"https:\/\/www.budoshop.si\/sl\/wp-json\/wp\/v2\/media?parent=110043"}],"wp:term":[{"taxonomy":"product_brand","embeddable":true,"href":"https:\/\/www.budoshop.si\/sl\/wp-json\/wp\/v2\/product_brand?post=110043"},{"taxonomy":"product_cat","embeddable":true,"href":"https:\/\/www.budoshop.si\/sl\/wp-json\/wp\/v2\/product_cat?post=110043"},{"taxonomy":"product_tag","embeddable":true,"href":"https:\/\/www.budoshop.si\/sl\/wp-json\/wp\/v2\/product_tag?post=110043"}],"curies":[{"name":"wp","href":"https:\/\/api.w.org\/{rel}","templated":true}]}}