{"id":109549,"date":"2022-11-21T09:55:18","date_gmt":"2022-11-21T09:55:18","guid":{"rendered":"https:\/\/www.budoshop.si\/boksarske-rokavice-zebra-performance-white-novo\/"},"modified":"2026-01-26T17:19:11","modified_gmt":"2026-01-26T16:19:11","slug":"usnjene-boksarske-rokavice-zebra-performance-white-novo","status":"publish","type":"product","link":"https:\/\/www.budoshop.si\/sl\/izdelek\/usnjene-boksarske-rokavice-zebra-performance-white-novo\/","title":{"rendered":"Usnjene boksarske rokavice \u201dZebra PERFORMANCE White\u201d"},"content":{"rendered":"<p><span style=\"font-size: 15px; color: #993300;\">Te boksarske rokavice so izdelane iz najbolj\u0161e kombinacije pravega kravjega usnja in \u2018FLX PU\u2019 materiala. Pred-ukrivljena ve\u010dplastna pena iz lateksa v \u2018Easy Fist Systemu\u2019 nudi dobro za\u0161\u010dito dlani in minimalen napor za trden udarec. Dodatna plast pene nad zapestjem nudi dodatno za\u0161\u010dito pri blokiranju udarcev ali brc, drsnik na dlani in pri\u0161it palec pa nudita dodatno udobje in varnost. \u0160irok pritrdilni \u2018All Around\u2019 trak okrog zapestja z zapenjanjem na je\u017eka nudi stabilnost zapestja in naredi rokavico idealno za mo\u010dan boks in kickboxing sparing ter trening na fokusarjih in te\u017ekih boksarskih vre\u010dah.<\/span><\/p>\n<p><span style=\"font-size: 15px; color: #993300;\">Belo-\u010drne barve.<\/span><\/p>\n<p><span style=\"font-size: 15px; color: #993300;\">Velikost: 10 OZ, 12 OZ in 14 OZ<\/span><\/p>\n","protected":false},"excerpt":{"rendered":"<p><span style=\"color: #003366;\"><strong>Usnjene 10, 12 ali 14 OZ boks \/ kickboxing rokavice bele barve.<\/strong><\/span><\/p>\n","protected":false},"featured_media":96917,"comment_status":"open","ping_status":"closed","template":"","meta":[],"product_brand":[5599],"product_cat":[1043,821,1103,1105],"product_tag":[],"class_list":{"0":"post-109549","1":"product","2":"type-product","3":"status-publish","4":"has-post-thumbnail","6":"product_brand-zebra","7":"product_cat-boks-kickbox-tajski-boks-mma","8":"product_cat-kick-thai-boxing-rokavice","9":"product_cat-zebra-1","10":"product_cat-zebra-3","11":"pa_velikost-10-oz-sl-2","12":"pa_velikost-12-oz-sl","13":"pa_velikost-14-oz-sl","15":"first","16":"instock","17":"taxable","18":"shipping-taxable","19":"purchasable","20":"product-type-variable"},"_links":{"self":[{"href":"https:\/\/www.budoshop.si\/sl\/wp-json\/wp\/v2\/product\/109549","targetHints":{"allow":["GET"]}}],"collection":[{"href":"https:\/\/www.budoshop.si\/sl\/wp-json\/wp\/v2\/product"}],"about":[{"href":"https:\/\/www.budoshop.si\/sl\/wp-json\/wp\/v2\/types\/product"}],"replies":[{"embeddable":true,"href":"https:\/\/www.budoshop.si\/sl\/wp-json\/wp\/v2\/comments?post=109549"}],"wp:featuredmedia":[{"embeddable":true,"href":"https:\/\/www.budoshop.si\/sl\/wp-json\/wp\/v2\/media\/96917"}],"wp:attachment":[{"href":"https:\/\/www.budoshop.si\/sl\/wp-json\/wp\/v2\/media?parent=109549"}],"wp:term":[{"taxonomy":"product_brand","embeddable":true,"href":"https:\/\/www.budoshop.si\/sl\/wp-json\/wp\/v2\/product_brand?post=109549"},{"taxonomy":"product_cat","embeddable":true,"href":"https:\/\/www.budoshop.si\/sl\/wp-json\/wp\/v2\/product_cat?post=109549"},{"taxonomy":"product_tag","embeddable":true,"href":"https:\/\/www.budoshop.si\/sl\/wp-json\/wp\/v2\/product_tag?post=109549"}],"curies":[{"name":"wp","href":"https:\/\/api.w.org\/{rel}","templated":true}]}}