{"id":109411,"date":"2024-01-09T09:09:15","date_gmt":"2024-01-09T08:09:15","guid":{"rendered":"https:\/\/www.budoshop.si\/?post_type=product&#038;p=109411"},"modified":"2026-04-13T08:38:40","modified_gmt":"2026-04-13T06:38:40","slug":"namman-muay-roll-on-novo","status":"publish","type":"product","link":"https:\/\/www.budoshop.si\/sl\/izdelek\/namman-muay-roll-on-novo\/","title":{"rendered":"NAMMAN MUAY masa\u017eni Roll-On &#8211; V AKCIJI!!!"},"content":{"rendered":"<p><span style=\"font-size: 15px; color: #993300;\"><span class=\"HwtZe\" lang=\"sl\"><span class=\"jCAhz ChMk0b\"><span class=\"ryNqvb\">Namman Muay CBD Cyro Roll-On je izdelek za okrevanje po treningu za aktivne posameznike.<\/span><\/span> <span class=\"jCAhz ChMk0b\"><span class=\"ryNqvb\">Ta krogli\u010dni aplikator zagotavlja takoj\u0161nje olaj\u0161anje mi\u0161i\u010dne napetosti in bole\u010dine po intenzivni telesni dejavnosti.<\/span><\/span><\/span><\/span><\/p>\n<p><span class=\"jCAhz ChMk0b\" style=\"color: #993300; font-size: 15px;\"><span class=\"ryNqvb\">Edinstvene lastnosti Namman Muay Roll-Ona:<br \/>\n<\/span><\/span><\/p>\n<ul>\n<li><span style=\"color: #993300; font-size: 15px;\"><span class=\"size\"><span style=\"font-family: 'Arial', sans-serif; background: white;\">Vsebnost CBD-ja<\/span><\/span><span class=\"size\"><span style=\"background-size: initial;\"><span style=\"font-family: 'Arial', sans-serif; background: white;\">: Izdelek vsebuje 500mg CBD-ja, ki nudi u\u010dinkovito podporo pri laj\u0161anju mi\u0161i\u010dnih in sklepnih bole\u010din<\/span><\/span><\/span><\/span><\/li>\n<li><span style=\"color: #993300; font-size: 15px;\"><span class=\"size\"><span style=\"background-size: initial;\"><span style=\"font-family: 'Arial', sans-serif; background: white;\">Aktivne sestavine: <\/span><\/span><\/span><span class=\"size\"><span style=\"background-size: initial;\"><span style=\"font-family: 'Arial', sans-serif; background: white;\">Formuliran z mo\u010dno kombinacijo 6 aktivnih sestavin, vklju\u010dno z mentolom, MSM (metilsulfonilmetanom), eteri\u010dnim oljem evkaliptusa, CBD-jem, bosvelijo in zeleno meto. Te sestavine skupaj nudijo pomirjujo\u010de in regenerativne u\u010dinke na ko\u017eo in mi\u0161ice.<\/span><\/span><\/span><\/span><\/li>\n<li><span style=\"color: #993300; font-size: 15px;\"><span class=\"size\"><span style=\"background-size: initial;\"><span style=\"font-family: 'Arial', sans-serif; background: white;\">Kovinska glava<\/span><span style=\"font-family: 'Arial', sans-serif; background: white;\">:<\/span><\/span><\/span><span class=\"size\"><span style=\"background-size: initial;\"><span style=\"font-family: 'Arial', sans-serif; background: white;\"> Kovinska glava roll-ona omogo\u010da natan\u010dno in u\u010dinkovito nana\u0161anje izdelka, hkrati pa zagotavlja pomirjujo\u010do masa\u017eo in pomo\u010d pri laj\u0161anju mi\u0161i\u010dnih bole\u010din in napetosti.<\/span><\/span><\/span><\/span><\/li>\n<li><span style=\"color: #993300; font-size: 15px;\"><span class=\"size\"><span style=\"background-size: initial;\"><span style=\"font-family: 'Arial', sans-serif; background: white;\">MESS-FREE<\/span><\/span><\/span><span class=\"size\"><span style=\"background-size: initial;\"><span style=\"font-family: 'Arial', sans-serif; background: white;\">: Precizna aplikacija: Roll-on aplikator omogo\u010da enostavno in ciljno nana\u0161anje izdelka brez dotikanja in mazanja rok<br \/>\n<\/span><\/span><\/span><\/span><\/li>\n<li><span class=\"size\" style=\"color: #993300; font-size: 15px;\"><span style=\"background-size: initial;\"><span style=\"font-family: 'Arial', sans-serif; background: white;\">METALNA KROGLICA: Revitalizira in pomirja: Kovinska kroglica na aplikatorju ponuja dodatno hladilno in pomirjujo\u010de delovanje, kar je \u0161e posebej u\u010dinkovito po intenzivnem treningu<\/span><\/span><\/span><\/li>\n<li><span style=\"color: #993300; font-size: 15px;\"><span class=\"size\"><span style=\"background-size: initial;\"><span style=\"font-family: 'Arial', sans-serif; background: white;\">CRYO U\u010cINEK<\/span><\/span><\/span><span class=\"size\"><span style=\"background-size: initial;\"><span style=\"font-family: 'Arial', sans-serif; background: white;\">:Takoj\u0161nji osve\u017eujo\u010d ob\u010dutek: Cryo u\u010dinek zagotavlja hitro in takoj\u0161njo ob\u010dutek osve\u017eitve in hlajenja na prizadetih obmo\u010djih, kar pove\u010duje udobje in olaj\u0161anje po uporabi.<\/span><\/span><\/span><\/span><\/li>\n<li><span style=\"color: #993300; font-size: 15px;\"><span class=\"HwtZe\" lang=\"sl\"><span class=\"jCAhz ChMk0b\"><span class=\"ryNqvb\">Hitro se vpije v ko\u017eo in deluje globoko v mi\u0161icah ter tako pospe\u0161i regeneracijo<\/span><\/span><\/span><\/span><\/li>\n<li><span style=\"color: #993300; font-size: 15px;\"><span class=\"HwtZe\" lang=\"sl\"><span class=\"jCAhz ChMk0b\"><span class=\"ryNqvb\">Prenosna velikost omogo\u010da enostavno uporabo kadarkoli in kjerkoli<\/span><\/span><\/span><\/span><\/li>\n<\/ul>\n<p><span style=\"color: #993300; font-size: 15px;\">Roll-on aplikator s kovinsko glavo omogo\u010da enostavno vmasiranje izdelka v prizadete mi\u0161ice. Redna uporaba pomaga pri hitrej\u0161i regeneraciji mi\u0161ic, tako da se lahko hitro vrnete na vrhunsko zmogljivost.<\/span><\/p>\n<p><span style=\"color: #993300; font-size: 15px;\">Vsebina: 75 ml.<\/span><\/p>\n<p><span style=\"color: #993300; font-size: 15px;\">Odmerjanje in na\u010din uporabe:<\/span><br \/>\n<span style=\"color: #993300; font-size: 15px;\">Preparat je namenjen negi telesa pred, med in po \u0161portnimi aktivnostmi. Izdelek nanesite na \u017eelene dele telesa najve\u010d 2x\/dan.<br \/>\n<\/span><\/p>\n<p><span style=\"font-size: 15px; color: #993300;\">Sestavine<span class=\"jCAhz ChMk0b\"><span class=\"ryNqvb\">:<br \/>\n<\/span><\/span><span class=\"size\"><span style=\"font-family: 'Arial', sans-serif; background: white;\">Aqua, Caprylic\/Capric Triglyceride, Menthol, Dimethyl Sulfone, Glyceryl Stearate Citrate, Glycerin, Eucalyptus Globulus Leaf Oil, Cetearyl Alcohol, Boswellia Carterii Gum Oil, Cannabidiol, Dehydroacetic Acid, Benzyl Alcohol, Lavandula Angustifolia Herb Oil, Mentha Viridis Leaf Oil, Glyceryl Caprylate, Xanthan Gum, Polyglyceryl-10 Caprylate\/Caprate, Sodium Levulinate, Potassium Sorbate, Litsea Cubeba Fruit Oil, Tocopheryl Acetate, Citric Acid, Limonene*, Linalool*, Geraniol*, Coumarin*.<\/span><\/span><\/span><\/p>\n<p><span style=\"color: #993300; font-size: 15px;\"><span class=\"jCAhz ChMk0b\"><span class=\"ryNqvb\">\u00a0<\/span><\/span><\/span><\/p>\n<p><span class=\"_5yl5\" style=\"font-size: 15px; color: #993300;\">Opozorila: Zgolj za zunanjo uporabo. Hraniti izven dosega otrok. Ni primerno za nose\u010dnice in doje\u010de matere. Izogibati direkten stik izdelka s sluznico in o\u010dmi. Izdelka ne uporabljajte na po\u0161kodovani ko\u017ei. Vkolikor se pojavi na ko\u017ei preob\u010dutljivostna reakcija takoj prenehajte z uporabo in obi\u0161\u010dite zdravnika. Izdelek ne nana\u0161ajte na celotno povr\u0161ino telesa ob enkratnem nanosu.<\/span><\/p>\n","protected":false},"excerpt":{"rendered":"<p><strong><span style=\"color: #003366;\">Masa\u017eno ogrevalna in regeneracijska Tajska krema z roll-on nana\u0161anjem.<\/span><br \/>\n<\/strong><\/p>\n","protected":false},"featured_media":111616,"comment_status":"open","ping_status":"closed","template":"","meta":[],"product_brand":[],"product_cat":[1035,1027,1043,941,1033,1031,1029,997,1073,1037,1039,1041],"product_tag":[],"class_list":{"0":"post-109411","1":"product","2":"type-product","3":"status-publish","4":"has-post-thumbnail","6":"product_cat-aikido-kendo-iai-kobudo-1","7":"product_cat-v-akciji-2","8":"product_cat-boks-kickbox-tajski-boks-mma","9":"product_cat-budo-lekarna","10":"product_cat-ju-jitsujiu-jitsu-1","11":"product_cat-judo-1","12":"product_cat-karate-5","13":"product_cat-namman-muay-1","14":"product_cat-namman-muay-3","15":"product_cat-ninjutsu-3","16":"product_cat-taekwondo-3","17":"product_cat-tai-chi-kunf-fu-wu-shu-1","19":"first","20":"outofstock","21":"sale","22":"taxable","23":"shipping-taxable","24":"purchasable","25":"product-type-simple"},"_links":{"self":[{"href":"https:\/\/www.budoshop.si\/sl\/wp-json\/wp\/v2\/product\/109411","targetHints":{"allow":["GET"]}}],"collection":[{"href":"https:\/\/www.budoshop.si\/sl\/wp-json\/wp\/v2\/product"}],"about":[{"href":"https:\/\/www.budoshop.si\/sl\/wp-json\/wp\/v2\/types\/product"}],"replies":[{"embeddable":true,"href":"https:\/\/www.budoshop.si\/sl\/wp-json\/wp\/v2\/comments?post=109411"}],"wp:featuredmedia":[{"embeddable":true,"href":"https:\/\/www.budoshop.si\/sl\/wp-json\/wp\/v2\/media\/111616"}],"wp:attachment":[{"href":"https:\/\/www.budoshop.si\/sl\/wp-json\/wp\/v2\/media?parent=109411"}],"wp:term":[{"taxonomy":"product_brand","embeddable":true,"href":"https:\/\/www.budoshop.si\/sl\/wp-json\/wp\/v2\/product_brand?post=109411"},{"taxonomy":"product_cat","embeddable":true,"href":"https:\/\/www.budoshop.si\/sl\/wp-json\/wp\/v2\/product_cat?post=109411"},{"taxonomy":"product_tag","embeddable":true,"href":"https:\/\/www.budoshop.si\/sl\/wp-json\/wp\/v2\/product_tag?post=109411"}],"curies":[{"name":"wp","href":"https:\/\/api.w.org\/{rel}","templated":true}]}}