{"id":109077,"date":"2023-11-29T12:33:11","date_gmt":"2023-11-29T11:33:11","guid":{"rendered":"https:\/\/budoshop.si\/?post_type=product&#038;p=109077"},"modified":"2026-01-13T09:54:41","modified_gmt":"2026-01-13T08:54:41","slug":"mma-rokavice-adidas-sparring-combat-50-novo","status":"publish","type":"product","link":"https:\/\/www.budoshop.si\/sl\/izdelek\/mma-rokavice-adidas-sparring-combat-50-novo\/","title":{"rendered":"MMA rokavice &#8221;Adidas SPARRING COMBAT 50&#8221;"},"content":{"rendered":"<p><span style=\"font-size: 15px; color: #993300;\">Tu so nove Adidas MMA Sparring Combat 50 rokavice, odli\u010den dizajn z najbolj\u0161o funkcionalnostjo, ki jo ozna\u010duje Combat Line. Rokavice so izdelane iz zelo kvalitetnega FLX 3.0 PU umetnega usnja in za optimalno bla\u017eenje opremljene s patentirano Adidas TILT tehnologijo, ve\u010dslojno oblazinjenje, ki prepre\u010duje upogibanje zapestja saj je upogib \u017ee v rokavici, kar pomeni, da se rokavice med udarjanjem veliko bolj\u0161e obna\u0161a, udarec pa je veliko bolj ergonomi\u010den in zato bolj\u0161i. V notranjosti rokavic najlonska podloga zagotavlja udoben ob\u010dutek. Zapiranje z dolgim trakom na je\u017eka zagotavlja dobro stabilnost zapestja. Atraktivna zelena Combat barva dela te \u0161\u010ditnike \u0161e posebej atraktivne.<\/span><br \/>\n<span style=\"font-size: 15px; color: #993300;\">Te Adidas MMA Sparring Combat 50 rokavice so primerne za MMA treninge in sparinge. <\/span><br \/>\n<span style=\"font-size: 15px; color: #993300;\">Izberite odli\u010dnost pri vsakem udarcu, izberite boksarske rokavice Adidas Sparring Combat 50.<\/span><\/p>\n<p><span style=\"font-size: 15px; color: #993300;\">Velikosti: S \u2013 M &#8211; L<\/span><\/p>\n","protected":false},"excerpt":{"rendered":"<p><strong><span style=\"color: #003366;\">Combat linija Adidasovim MMA Sparring rokavic.<\/span><\/strong><\/p>\n","protected":false},"featured_media":109057,"comment_status":"open","ping_status":"closed","template":"","meta":[],"product_brand":[5594],"product_cat":[951,1049,1043,819],"product_tag":[],"class_list":{"0":"post-109077","1":"product","2":"type-product","3":"status-publish","4":"has-post-thumbnail","6":"product_brand-adidas","7":"product_cat-adidas-3","8":"product_cat-adidas-7","9":"product_cat-boks-kickbox-tajski-boks-mma","10":"product_cat-grappling-in-mma-rokavice","11":"pa_size-l-sl","12":"pa_size-m-sl","13":"pa_size-s","15":"first","16":"instock","17":"taxable","18":"shipping-taxable","19":"purchasable","20":"product-type-variable"},"_links":{"self":[{"href":"https:\/\/www.budoshop.si\/sl\/wp-json\/wp\/v2\/product\/109077","targetHints":{"allow":["GET"]}}],"collection":[{"href":"https:\/\/www.budoshop.si\/sl\/wp-json\/wp\/v2\/product"}],"about":[{"href":"https:\/\/www.budoshop.si\/sl\/wp-json\/wp\/v2\/types\/product"}],"replies":[{"embeddable":true,"href":"https:\/\/www.budoshop.si\/sl\/wp-json\/wp\/v2\/comments?post=109077"}],"wp:featuredmedia":[{"embeddable":true,"href":"https:\/\/www.budoshop.si\/sl\/wp-json\/wp\/v2\/media\/109057"}],"wp:attachment":[{"href":"https:\/\/www.budoshop.si\/sl\/wp-json\/wp\/v2\/media?parent=109077"}],"wp:term":[{"taxonomy":"product_brand","embeddable":true,"href":"https:\/\/www.budoshop.si\/sl\/wp-json\/wp\/v2\/product_brand?post=109077"},{"taxonomy":"product_cat","embeddable":true,"href":"https:\/\/www.budoshop.si\/sl\/wp-json\/wp\/v2\/product_cat?post=109077"},{"taxonomy":"product_tag","embeddable":true,"href":"https:\/\/www.budoshop.si\/sl\/wp-json\/wp\/v2\/product_tag?post=109077"}],"curies":[{"name":"wp","href":"https:\/\/api.w.org\/{rel}","templated":true}]}}