{"id":109048,"date":"2023-11-28T12:45:04","date_gmt":"2023-11-28T11:45:04","guid":{"rendered":"https:\/\/budoshop.si\/?post_type=product&#038;p=109048"},"modified":"2026-01-12T17:38:00","modified_gmt":"2026-01-12T16:38:00","slug":"scitnik-za-golen-in-stopalo-adidas-combat-50-novo","status":"publish","type":"product","link":"https:\/\/www.budoshop.si\/sl\/izdelek\/scitnik-za-golen-in-stopalo-adidas-combat-50-novo\/","title":{"rendered":"\u0160\u010ditnik za golen in stopalo &#8221;Adidas COMBAT 50&#8221;"},"content":{"rendered":"<p><span style=\"font-size: 15px; color: #993300;\"><span class=\"HwtZe\" lang=\"sl\"><span class=\"jCAhz ChMk0b\"><span class=\"ryNqvb\">Zelo lepi, prilagodljivi Adidasovi Combat 50 \u0161\u010ditniki za goleni so izdelani iz trpe\u017enega umetnega FLX 3.0 usnja.<\/span><\/span> Za optimalno za\u0161\u010dito skrbi d<span class=\"jCAhz ChMk0b\"><span class=\"ryNqvb\">odatno vbrizgana za\u0161\u010dita z nartom.<\/span><\/span> <span class=\"jCAhz ChMk0b\"><span class=\"ryNqvb\">\u0160\u010ditniki za goleni imajo dvojno elasti\u010dno zapenjanje, tako da \u0161\u010ditniki ves \u010das ostanejo popolnoma na mestu.<\/span><\/span> <span class=\"jCAhz ChMk0b\"><span class=\"ryNqvb\">Podloga je na notranji strani je v celoti izdelana iz 3D mre\u017ee, ki zagotavlja dobro zra\u010dnost in se hitro su\u0161i.<br \/>\nAtraktivna zelena Combat barva dela te \u0161\u010ditnike \u0161e posebej atraktivne.<\/span><\/span><\/span><\/span><\/p>\n<p><span style=\"color: #993300;\"><span class=\"HwtZe\" lang=\"sl\"><span class=\"jCAhz ChMk0b\"><span class=\"ryNqvb\">\u0160\u010ditniki Adidas Combat so primerni za vsakega borca, ki \u017eeli vrhunsko za\u0161\u010dito po ugodni ceni.<\/span><\/span><\/span><span class=\"HwtZe\" lang=\"sl\"> <span class=\"jCAhz ChMk0b\"><span class=\"ryNqvb\">Primerni so za Tajski boks, Kickboxing, MMA in sorodne \u0161porte.<\/span><\/span><\/span><\/span><\/p>\n<p><span style=\"color: #993300;\">Ustrezajo CE standardom!<\/span><\/p>\n<p><span style=\"font-size: 15px; color: #993300;\">Velikosti: S \u2013 M \u2013 L &#8211; XL<br \/>\n<\/span><\/p>\n<p><span style=\"font-size: 15px; color: #993300;\">Prodaja se v paru.<\/span><\/p>\n<p><strong>\u00a0<\/strong><\/p>\n","protected":false},"excerpt":{"rendered":"<p><strong><span style=\"color: #003366;\">Adidas Combat linija \u0161\u010ditnikov za pi\u0161\u010dal in stopalo.<\/span><\/strong><\/p>\n","protected":false},"featured_media":109032,"comment_status":"open","ping_status":"closed","template":"","meta":[],"product_brand":[5594],"product_cat":[951,1049,1043,899],"product_tag":[],"class_list":{"0":"post-109048","1":"product","2":"type-product","3":"status-publish","4":"has-post-thumbnail","6":"product_brand-adidas","7":"product_cat-adidas-3","8":"product_cat-adidas-7","9":"product_cat-boks-kickbox-tajski-boks-mma","10":"product_cat-scitniki-za-piscali","11":"pa_size-l-sl","12":"pa_size-m-sl","13":"pa_size-s","14":"pa_size-xl-sl-2","16":"first","17":"instock","18":"taxable","19":"shipping-taxable","20":"purchasable","21":"product-type-variable"},"_links":{"self":[{"href":"https:\/\/www.budoshop.si\/sl\/wp-json\/wp\/v2\/product\/109048","targetHints":{"allow":["GET"]}}],"collection":[{"href":"https:\/\/www.budoshop.si\/sl\/wp-json\/wp\/v2\/product"}],"about":[{"href":"https:\/\/www.budoshop.si\/sl\/wp-json\/wp\/v2\/types\/product"}],"replies":[{"embeddable":true,"href":"https:\/\/www.budoshop.si\/sl\/wp-json\/wp\/v2\/comments?post=109048"}],"wp:featuredmedia":[{"embeddable":true,"href":"https:\/\/www.budoshop.si\/sl\/wp-json\/wp\/v2\/media\/109032"}],"wp:attachment":[{"href":"https:\/\/www.budoshop.si\/sl\/wp-json\/wp\/v2\/media?parent=109048"}],"wp:term":[{"taxonomy":"product_brand","embeddable":true,"href":"https:\/\/www.budoshop.si\/sl\/wp-json\/wp\/v2\/product_brand?post=109048"},{"taxonomy":"product_cat","embeddable":true,"href":"https:\/\/www.budoshop.si\/sl\/wp-json\/wp\/v2\/product_cat?post=109048"},{"taxonomy":"product_tag","embeddable":true,"href":"https:\/\/www.budoshop.si\/sl\/wp-json\/wp\/v2\/product_tag?post=109048"}],"curies":[{"name":"wp","href":"https:\/\/api.w.org\/{rel}","templated":true}]}}