{"id":108902,"date":"2023-11-21T11:43:56","date_gmt":"2023-11-21T10:43:56","guid":{"rendered":"https:\/\/budoshop.si\/?post_type=product&#038;p=108902"},"modified":"2025-09-13T09:53:35","modified_gmt":"2025-09-13T07:53:35","slug":"kickboxing-majcka-adidas-wako-novo","status":"publish","type":"product","link":"https:\/\/www.budoshop.si\/sl\/izdelek\/kickboxing-majcka-adidas-wako-novo\/","title":{"rendered":"Kickboxing maj\u010dka &#8221;Adidas WAKO&#8221; &#8211; V AKCIJI!!!"},"content":{"rendered":"<p><span class=\"HwtZe\" lang=\"sl\" style=\"font-size: 15px; color: #993300;\"><span class=\"jCAhz ChMk0b\"><span class=\"ryNqvb\">Mehak, zelo lahek in zra\u010den Adidas Kickboxing dres iz elastana.<\/span><\/span> <span class=\"jCAhz ChMk0b\"><span class=\"ryNqvb\">Poseben kroj za funkcionalnost in udobje z WAKO logotipom na prsni strani.<\/span><\/span><br \/>\nDres je izredno lahkoten in mehkoben in ga je pravi u\u017eitek nositi na treningu ali tekmovanju. <span class=\"jCAhz ChMk0b\"><span class=\"ryNqvb\">Idealen za amaterska tekmovanja.<\/span><\/span><\/span><\/p>\n<p><span class=\"jCAhz ChMk0b\" style=\"color: #993300;\"><span class=\"ryNqvb\">Material: 100% poliester<\/span><\/span><\/p>\n<p><span style=\"color: #993300;\"><strong><span class=\"jCAhz ChMk0b\"><span class=\"ryNqvb\">V skladu z WAKO pravili!<\/span><\/span><\/strong><\/span><\/p>\n<p><span class=\"jCAhz ChMk0b\" style=\"color: #993300;\"><span class=\"ryNqvb\">Barve: rde\u010da ali modra<\/span><\/span><\/p>\n<p><span class=\"jCAhz ChMk0b\" style=\"color: #993300;\"><span class=\"ryNqvb\">Velikosti: S \u2013 M \u2013 L<\/span><\/span><\/p>\n<p><span class=\"jCAhz ChMk0b\" style=\"font-size: 11px; color: #993300;\"><span class=\"ryNqvb\">Opomba: Pralno v pralnem stroju na 30\u00b0, ne uporabljajte belila ali drugih mo\u010dnih detergentov, ki bi lahko uni\u010dili izdelek, pustite su\u0161iti pri sobni temperaturi in se izogibajte virom toplote, da pospe\u0161ite su\u0161enje.<\/span><\/span><\/p>\n","protected":false},"excerpt":{"rendered":"<p><span style=\"color: #003366;\"><strong>Lahkoten Adidas Kickboks dres brez rokavov.<\/strong><\/span><\/p>\n","protected":false},"featured_media":108888,"comment_status":"open","ping_status":"closed","template":"","meta":[],"product_brand":[5594],"product_cat":[1049,951,1027,1043,909],"product_tag":[],"class_list":{"0":"post-108902","1":"product","2":"type-product","3":"status-publish","4":"has-post-thumbnail","6":"product_brand-adidas","7":"product_cat-adidas-7","8":"product_cat-adidas-3","9":"product_cat-v-akciji-2","10":"product_cat-boks-kickbox-tajski-boks-mma","11":"product_cat-drugo","12":"pa_barva-modre-barve-en","13":"pa_barva-rdece-barve-sl","14":"pa_size-l-sl","15":"pa_size-m-sl","16":"pa_size-s","18":"first","19":"instock","20":"sale","21":"taxable","22":"shipping-taxable","23":"purchasable","24":"product-type-variable"},"_links":{"self":[{"href":"https:\/\/www.budoshop.si\/sl\/wp-json\/wp\/v2\/product\/108902","targetHints":{"allow":["GET"]}}],"collection":[{"href":"https:\/\/www.budoshop.si\/sl\/wp-json\/wp\/v2\/product"}],"about":[{"href":"https:\/\/www.budoshop.si\/sl\/wp-json\/wp\/v2\/types\/product"}],"replies":[{"embeddable":true,"href":"https:\/\/www.budoshop.si\/sl\/wp-json\/wp\/v2\/comments?post=108902"}],"wp:featuredmedia":[{"embeddable":true,"href":"https:\/\/www.budoshop.si\/sl\/wp-json\/wp\/v2\/media\/108888"}],"wp:attachment":[{"href":"https:\/\/www.budoshop.si\/sl\/wp-json\/wp\/v2\/media?parent=108902"}],"wp:term":[{"taxonomy":"product_brand","embeddable":true,"href":"https:\/\/www.budoshop.si\/sl\/wp-json\/wp\/v2\/product_brand?post=108902"},{"taxonomy":"product_cat","embeddable":true,"href":"https:\/\/www.budoshop.si\/sl\/wp-json\/wp\/v2\/product_cat?post=108902"},{"taxonomy":"product_tag","embeddable":true,"href":"https:\/\/www.budoshop.si\/sl\/wp-json\/wp\/v2\/product_tag?post=108902"}],"curies":[{"name":"wp","href":"https:\/\/api.w.org\/{rel}","templated":true}]}}