{"id":108425,"date":"2018-10-18T12:49:24","date_gmt":"2018-10-18T12:49:24","guid":{"rendered":"https:\/\/budoshop.si\/karate-gi-kimono-tokaido-kata-master\/"},"modified":"2026-01-12T08:24:50","modified_gmt":"2026-01-12T07:24:50","slug":"karate-gi-kimono-tokaido-kata-master","status":"publish","type":"product","link":"https:\/\/www.budoshop.si\/sl\/izdelek\/karate-gi-kimono-tokaido-kata-master\/","title":{"rendered":"Karate Gi (Kimono) &#8221;Tokaido KATA MASTER&#8221;"},"content":{"rendered":"<p><span style=\"font-size: 15px; color: #993300;\">To Karate Kimono je Tokaido razvil posebej za Kate. Tehnologija &#8216;Ultimate-Sound&#8217; zagotavlja impresivno akusti\u010dno podporo dinami\u010dnim premikom telesa. Izdelan je 100% (12 OZ) bomba\u017ea, ki je navzven gladek, na notranji strani pa okosmaten. Za \u0161ivanje so uporabljeni ve\u010dratni in oja\u010dani \u0161ivi. Jakna ima kraj\u0161e rokave .\u00a0Na predelu prsi in vratu Kimono krasi tudi prepoznaven vezen Tokaido logotip.<\/span><\/p>\n<p><span style=\"font-size: 15px; color: #993300;\"><strong>Kvaliteta, ki jo zagotavlja samo japonska TOKAIDO znamka!<\/strong><\/span><\/p>\n<p><span style=\"font-size: 15px; color: #993300;\">V kompletu se nahajajo hla\u010de z vrvico v pasu in jakna.<\/span><\/p>\n<p><span style=\"font-size: 15px; color: #993300;\">Velikosti: 165 \u2013 190 cm (na 5cm).<\/span><\/p>\n<p><span style=\"font-size: 15px; color: #993300;\"><strong>Ta artikel je odobren iz strani WKF<\/strong>-a (World Karate Federation).<\/span><\/p>\n<p><span style=\"color: #993300; font-size: 11px;\">Pozor! Kimono ni predprano in se pri prvem pranju lahko\u00a0skr\u010di za cca. 5 %.<\/span><\/p>\n","protected":false},"excerpt":{"rendered":"<p><span id=\"dnn_ctr448_ProductPage_lstProducts_lbllistDescription_8\"><span style=\"color: #002060;\"><strong>Kata Karate Kimono s posebno &#8216;Ultra-sound&#8217; tehnologijo znamke Tokaido.<\/strong><\/span><\/span><\/p>\n","protected":false},"featured_media":85922,"comment_status":"open","ping_status":"closed","template":"","meta":[],"product_brand":[5598],"product_cat":[1029,917,949,1047],"product_tag":[],"class_list":{"0":"post-108425","1":"product","2":"type-product","3":"status-publish","4":"has-post-thumbnail","6":"product_brand-tokaido","7":"product_cat-karate-5","8":"product_cat-shureido-1","9":"product_cat-shureido-3","10":"product_cat-tokaido-1","11":"pa_velikost-160-cm-sl","12":"pa_velikost-165-cm-sl","13":"pa_velikost-170-cm-sl","14":"pa_velikost-175-cm-sl","15":"pa_velikost-180-cm-sl","16":"pa_velikost-185-cm-sl","17":"pa_velikost-190-cm-sl","19":"first","20":"instock","21":"taxable","22":"shipping-taxable","23":"purchasable","24":"product-type-variable"},"_links":{"self":[{"href":"https:\/\/www.budoshop.si\/sl\/wp-json\/wp\/v2\/product\/108425","targetHints":{"allow":["GET"]}}],"collection":[{"href":"https:\/\/www.budoshop.si\/sl\/wp-json\/wp\/v2\/product"}],"about":[{"href":"https:\/\/www.budoshop.si\/sl\/wp-json\/wp\/v2\/types\/product"}],"replies":[{"embeddable":true,"href":"https:\/\/www.budoshop.si\/sl\/wp-json\/wp\/v2\/comments?post=108425"}],"wp:featuredmedia":[{"embeddable":true,"href":"https:\/\/www.budoshop.si\/sl\/wp-json\/wp\/v2\/media\/85922"}],"wp:attachment":[{"href":"https:\/\/www.budoshop.si\/sl\/wp-json\/wp\/v2\/media?parent=108425"}],"wp:term":[{"taxonomy":"product_brand","embeddable":true,"href":"https:\/\/www.budoshop.si\/sl\/wp-json\/wp\/v2\/product_brand?post=108425"},{"taxonomy":"product_cat","embeddable":true,"href":"https:\/\/www.budoshop.si\/sl\/wp-json\/wp\/v2\/product_cat?post=108425"},{"taxonomy":"product_tag","embeddable":true,"href":"https:\/\/www.budoshop.si\/sl\/wp-json\/wp\/v2\/product_tag?post=108425"}],"curies":[{"name":"wp","href":"https:\/\/api.w.org\/{rel}","templated":true}]}}