{"id":108316,"date":"2023-10-16T14:21:51","date_gmt":"2023-10-16T12:21:51","guid":{"rendered":"https:\/\/budoshop.si\/tonfa-case\/"},"modified":"2026-01-22T11:46:11","modified_gmt":"2026-01-22T10:46:11","slug":"tonfa-torba","status":"publish","type":"product","link":"https:\/\/www.budoshop.si\/sl\/izdelek\/tonfa-torba\/","title":{"rendered":"TONFA torba"},"content":{"rendered":"<p><span style=\"font-size: 15px; color: #993300;\">Torba s katero lahko svoji Tonfa palici prena\u0161ate varno, brez skrbi, da bi se obtokli, po\u0161kodovali ali proizvajali zvok medsebojnega udarjanja.<\/span><\/p>\n<p><span style=\"font-size: 15px; color: #993300;\">Torba je narejena iz umetnega usnja, z dvema ro\u010dema za prena\u0161anje, zapira pa se z zadrgo. Notranja stran torbe je rahlo oblazinjena in rde\u010de barve.<\/span><\/p>\n<p><span style=\"font-size: 15px; color: #993300;\">Mere: cca. 65 x 25 cm<\/span><\/p>\n","protected":false},"excerpt":{"rendered":"<p><span style=\"color: #003366;\"><strong>Torba za prenos Tonfa palic.<\/strong><\/span><\/p>\n","protected":false},"featured_media":121081,"comment_status":"open","ping_status":"closed","template":"","meta":[],"product_brand":[5612],"product_cat":[1035,947,1045,973],"product_tag":[],"class_list":{"0":"post-108316","1":"product","2":"type-product","3":"status-publish","4":"has-post-thumbnail","6":"product_brand-kamikaze","7":"product_cat-aikido-kendo-iai-kobudo-1","8":"product_cat-kamikaze-3","9":"product_cat-kamikaze-5","10":"product_cat-torbe-za-orozja","12":"first","13":"instock","14":"taxable","15":"shipping-taxable","16":"purchasable","17":"product-type-simple"},"_links":{"self":[{"href":"https:\/\/www.budoshop.si\/sl\/wp-json\/wp\/v2\/product\/108316","targetHints":{"allow":["GET"]}}],"collection":[{"href":"https:\/\/www.budoshop.si\/sl\/wp-json\/wp\/v2\/product"}],"about":[{"href":"https:\/\/www.budoshop.si\/sl\/wp-json\/wp\/v2\/types\/product"}],"replies":[{"embeddable":true,"href":"https:\/\/www.budoshop.si\/sl\/wp-json\/wp\/v2\/comments?post=108316"}],"wp:featuredmedia":[{"embeddable":true,"href":"https:\/\/www.budoshop.si\/sl\/wp-json\/wp\/v2\/media\/121081"}],"wp:attachment":[{"href":"https:\/\/www.budoshop.si\/sl\/wp-json\/wp\/v2\/media?parent=108316"}],"wp:term":[{"taxonomy":"product_brand","embeddable":true,"href":"https:\/\/www.budoshop.si\/sl\/wp-json\/wp\/v2\/product_brand?post=108316"},{"taxonomy":"product_cat","embeddable":true,"href":"https:\/\/www.budoshop.si\/sl\/wp-json\/wp\/v2\/product_cat?post=108316"},{"taxonomy":"product_tag","embeddable":true,"href":"https:\/\/www.budoshop.si\/sl\/wp-json\/wp\/v2\/product_tag?post=108316"}],"curies":[{"name":"wp","href":"https:\/\/api.w.org\/{rel}","templated":true}]}}