{"id":108308,"date":"2018-09-13T06:51:49","date_gmt":"2018-09-13T06:51:49","guid":{"rendered":"https:\/\/budoshop.si\/sageo-kakucho-made-in-japan-1095\/"},"modified":"2026-02-19T09:47:56","modified_gmt":"2026-02-19T08:47:56","slug":"sageo-vrvica-kakucho-made-in-japan","status":"publish","type":"product","link":"https:\/\/www.budoshop.si\/sl\/izdelek\/sageo-vrvica-kakucho-made-in-japan\/","title":{"rendered":"Sageo vrvica &#8221;KAKUCHO&#8221; &#8211; MADE IN JAPAN!"},"content":{"rendered":"<div style=\"text-align: justify;\">\n<div><span style=\"font-size: 14px; color: #993300;\">S Sageo vrvico se pritrdi Katano me\u010d za Obi (bas). Ta KAKUCHO model je izdelan iz kvalitetnega poliestra.<\/span><\/div>\n<div><span style=\"font-size: 14px; color: #993300;\">Enobarven.<\/span><\/div>\n<div><\/div>\n<div>\n<p><span style=\"font-size: 14px; color: #993300;\">Dol\u017eina: cca. 180 cm<\/span><\/p>\n<p><span style=\"font-size: 14px; color: #993300;\">Barve: \u010drna, rde\u010da modra ali vijoli\u010dna<\/span><\/p>\n<p><span style=\"font-size: 14px; color: #993300;\"><strong>MADE IN JAPAN!<\/strong><\/span><\/p>\n<\/div>\n<\/div>\n","protected":false},"excerpt":{"rendered":"<p><span style=\"color: #000080;\"><strong>Japonska Kakucho Sageo vrvica.<\/strong><\/span><\/p>\n","protected":false},"featured_media":75085,"comment_status":"open","ping_status":"closed","template":"","meta":[],"product_brand":[5600],"product_cat":[1035,1037,923,1055,977],"product_tag":[],"class_list":{"0":"post-108308","1":"product","2":"type-product","3":"status-publish","4":"has-post-thumbnail","6":"product_brand-yari-no-hanzo","7":"product_cat-aikido-kendo-iai-kobudo-1","8":"product_cat-ninjutsu-3","9":"product_cat-ostalo-5","10":"product_cat-yari-no-hanzo-3","11":"product_cat-yari-no-hanzo-1","12":"pa_barva-bele-barve-sl","13":"pa_barva-crne-barve-sl-2","14":"pa_barva-modre-barve-sl","15":"pa_barva-rdeca-barva-sl-2","16":"pa_barva-vijolicna","18":"first","19":"instock","20":"taxable","21":"shipping-taxable","22":"purchasable","23":"product-type-variable"},"_links":{"self":[{"href":"https:\/\/www.budoshop.si\/sl\/wp-json\/wp\/v2\/product\/108308","targetHints":{"allow":["GET"]}}],"collection":[{"href":"https:\/\/www.budoshop.si\/sl\/wp-json\/wp\/v2\/product"}],"about":[{"href":"https:\/\/www.budoshop.si\/sl\/wp-json\/wp\/v2\/types\/product"}],"replies":[{"embeddable":true,"href":"https:\/\/www.budoshop.si\/sl\/wp-json\/wp\/v2\/comments?post=108308"}],"wp:featuredmedia":[{"embeddable":true,"href":"https:\/\/www.budoshop.si\/sl\/wp-json\/wp\/v2\/media\/75085"}],"wp:attachment":[{"href":"https:\/\/www.budoshop.si\/sl\/wp-json\/wp\/v2\/media?parent=108308"}],"wp:term":[{"taxonomy":"product_brand","embeddable":true,"href":"https:\/\/www.budoshop.si\/sl\/wp-json\/wp\/v2\/product_brand?post=108308"},{"taxonomy":"product_cat","embeddable":true,"href":"https:\/\/www.budoshop.si\/sl\/wp-json\/wp\/v2\/product_cat?post=108308"},{"taxonomy":"product_tag","embeddable":true,"href":"https:\/\/www.budoshop.si\/sl\/wp-json\/wp\/v2\/product_tag?post=108308"}],"curies":[{"name":"wp","href":"https:\/\/api.w.org\/{rel}","templated":true}]}}