{"id":108113,"date":"2023-10-12T12:58:42","date_gmt":"2023-10-12T10:58:42","guid":{"rendered":"https:\/\/budoshop.si\/skipping-rope-profi-speed\/"},"modified":"2024-10-25T11:48:19","modified_gmt":"2024-10-25T09:48:19","slug":"kolebnica-profi-speed","status":"publish","type":"product","link":"https:\/\/www.budoshop.si\/sl\/izdelek\/kolebnica-profi-speed\/","title":{"rendered":"Kolebnica &#8221;PROFI SPEED rumena&#8221;"},"content":{"rendered":"<p><span style=\"font-size: 15px; color: #993300;\">Ta profesionalna kolebnica je izdelana iz pletenih jeklenih \u017ei\u010dk, ki se ne zapletajo in omogo\u010dajo tudi zelo hitro vrtenje. Dol\u017eino vrvi je mo\u010d individulano nastaviti, saj se ro\u010dke pritrdi s posebnim vijakom, ki vrv stisne pod kotom 90 stopinj. Snemljiva kon\u010dna kapica, izdelana iz gume, omogo\u010da odstranitev prese\u017ene vrvi s kle\u0161\u010dami. Idealen pripomo\u010dek za ogrevanje in trening za vzdr\u017eljivosti ali hitrosti bodisi v telovadnici ali doma.<br \/>\nRumene barve.<\/p>\n<p>Dol\u017eina: cca. 300 cm<br \/>\nRo\u010daj: cca. 14 cm<br \/>\n<\/span><\/p>\n","protected":false},"excerpt":{"rendered":"<p><span style=\"color: #003366;\"><strong>Profesionalna nastavljiva jeklena kolebnica rumene barve.<\/strong><\/span><\/p>\n","protected":false},"featured_media":114728,"comment_status":"open","ping_status":"closed","template":"","meta":[],"product_brand":[],"product_cat":[1043,1033,1031,1029,1039,1041,1119,983,1061],"product_tag":[],"class_list":{"0":"post-108113","1":"product","2":"type-product","3":"status-publish","4":"has-post-thumbnail","6":"product_cat-boks-kickbox-tajski-boks-mma","7":"product_cat-ju-jitsujiu-jitsu-1","8":"product_cat-judo-1","9":"product_cat-karate-5","10":"product_cat-taekwondo-3","11":"product_cat-tai-chi-kunf-fu-wu-shu-1","12":"product_cat-kolebnice","13":"product_cat-kwon-3","14":"product_cat-kwon-5","16":"first","17":"instock","18":"taxable","19":"shipping-taxable","20":"purchasable","21":"product-type-simple"},"_links":{"self":[{"href":"https:\/\/www.budoshop.si\/sl\/wp-json\/wp\/v2\/product\/108113","targetHints":{"allow":["GET"]}}],"collection":[{"href":"https:\/\/www.budoshop.si\/sl\/wp-json\/wp\/v2\/product"}],"about":[{"href":"https:\/\/www.budoshop.si\/sl\/wp-json\/wp\/v2\/types\/product"}],"replies":[{"embeddable":true,"href":"https:\/\/www.budoshop.si\/sl\/wp-json\/wp\/v2\/comments?post=108113"}],"wp:featuredmedia":[{"embeddable":true,"href":"https:\/\/www.budoshop.si\/sl\/wp-json\/wp\/v2\/media\/114728"}],"wp:attachment":[{"href":"https:\/\/www.budoshop.si\/sl\/wp-json\/wp\/v2\/media?parent=108113"}],"wp:term":[{"taxonomy":"product_brand","embeddable":true,"href":"https:\/\/www.budoshop.si\/sl\/wp-json\/wp\/v2\/product_brand?post=108113"},{"taxonomy":"product_cat","embeddable":true,"href":"https:\/\/www.budoshop.si\/sl\/wp-json\/wp\/v2\/product_cat?post=108113"},{"taxonomy":"product_tag","embeddable":true,"href":"https:\/\/www.budoshop.si\/sl\/wp-json\/wp\/v2\/product_tag?post=108113"}],"curies":[{"name":"wp","href":"https:\/\/api.w.org\/{rel}","templated":true}]}}