{"id":107944,"date":"2023-10-10T09:55:54","date_gmt":"2023-10-10T07:55:54","guid":{"rendered":"https:\/\/budoshop.si\/katana-musha\/"},"modified":"2026-01-27T19:10:30","modified_gmt":"2026-01-27T18:10:30","slug":"katana-musha","status":"publish","type":"product","link":"https:\/\/www.budoshop.si\/sl\/izdelek\/katana-musha\/","title":{"rendered":"Katana &#8221;MUSHA&#8221; &#8211; NOV MODEL!!!"},"content":{"rendered":"<p><span style=\"color: #993300;\"><span style=\"font-size: 15px;\">Ta prekrasna Katana je namenjena vsem, ki za svoj Iai-do ali Kenjutsu trening \u017eelijo kvaliteten in hkrati atraktiven me\u010d za dolgo uporabo, vendar zanj ne bi od\u0161teli preve\u010d.<br \/>\n<span class=\"HwtZe\" lang=\"sl\"><span class=\"jCAhz ChMk0b\"><span class=\"ryNqvb\">Bela barva ima v japonski kulturi\u00a0<\/span><\/span><\/span><\/span><span style=\"font-size: 15px;\"><span class=\"HwtZe\" lang=\"sl\"><span class=\"jCAhz ChMk0b\"><span class=\"ryNqvb\">v mnogih pogledih <\/span><\/span><\/span><\/span><span style=\"font-size: 15px;\"><span class=\"HwtZe\" lang=\"sl\"><span class=\"jCAhz ChMk0b\"><span class=\"ryNqvb\">velik pomen.<\/span><\/span> <span class=\"jCAhz ChMk0b\"><span class=\"ryNqvb\">Med drugim ta barva predstavlja \u010distost in svetost, pa tudi \u017ealost in smrt.<\/span><\/span> <span class=\"jCAhz ChMk0b\"><span class=\"ryNqvb\">Samuraji so nosili belo pod svojo opremo, da bi simbolizirali svojo pripravljenost za boj do smrti.<\/span><\/span><\/span><br \/>\n<span class=\"HwtZe\" lang=\"sl\"><span class=\"jCAhz ChMk0b\"><span class=\"ryNqvb\">Rezilo v\u00a0<\/span><\/span><\/span><\/span><span style=\"font-size: 15px;\"><span class=\"HwtZe\" lang=\"sl\"><span class=\"jCAhz ChMk0b\"><span class=\"ryNqvb\">Shinogi Zukuri <\/span><\/span><\/span><\/span><span style=\"font-size: 15px;\"><span class=\"HwtZe\" lang=\"sl\"><span class=\"jCAhz ChMk0b\"><span class=\"ryNqvb\">slogu z \u017elebom (Bo-Hi), ro\u010dno kovano iz 1045 ogljikovega jekla. Rezilo je ostro bru\u0161eno z vdelano Hamon-linijo za zelo pristen videz.<\/span><\/span> <span class=\"jCAhz ChMk0b\"><span class=\"ryNqvb\">Ovoj ro\u010daja je izdelan iz belega bomba\u017ea v klasi\u010dnem\u00a0<\/span><\/span><\/span><\/span><span style=\"font-size: 15px;\"><span class=\"HwtZe\" lang=\"sl\"><span class=\"jCAhz ChMk0b\"><span class=\"ryNqvb\">Hineri Maki <\/span><\/span><\/span><\/span><span style=\"font-size: 15px;\"><span class=\"HwtZe\" lang=\"sl\"><span class=\"jCAhz ChMk0b\"><span class=\"ryNqvb\">slogu.<\/span><\/span><\/span><br \/>\n<span class=\"HwtZe\" lang=\"sl\"><span class=\"jCAhz ChMk0b\"><span class=\"ryNqvb\">Bela, visoko polirana lakirana lesena Saya no\u017enica.<\/span><\/span><\/span><br \/>\n<span class=\"HwtZe\" lang=\"sl\"><span class=\"jCAhz ChMk0b\"><span class=\"ryNqvb\">Z dolgim \u200b\u200b\u200b\u200bpodalj\u0161kom rezila v ro\u010daju, ki je pritrjen z dvema bambusovima zati\u010dema (Mekugi).<\/span><\/span> <span class=\"jCAhz\"><span class=\"ryNqvb\">Me\u010d je tako popolnoma razstavljiv.<\/span><\/span> <span class=\"jCAhz ChMk0b\"><span class=\"ryNqvb\">Brez plastike, uporabljeni so samo visokokakovostni in pristni materiali.<\/span><\/span> <span class=\"jCAhz ChMk0b\"><span class=\"ryNqvb\">Spona rezila (Habaki) in podlo\u017eke (Seppa) so izdelane iz medenine.<\/span><\/span> <span class=\"jCAhz ChMk0b\"><span class=\"ryNqvb\">Tradicionalni ovoj ro\u010daja je oblo\u017een s pravo ribjo ko\u017eo.<\/span><\/span> <span class=\"jCAhz ChMk0b\"><span class=\"ryNqvb\">Vsi okraski (Tsuba, Fuchi, Menuki, Kashira) so ro\u010dno izdelani iz kovine.<\/span><\/span> <span class=\"jCAhz ChMk0b\"><span class=\"ryNqvb\">Za\u0161\u010ditni etui iz blaga, pe\u010dat John Lee in certifikat so del dobave.<\/span><\/span> <span class=\"jCAhz\"><span class=\"ryNqvb\">Sageo je izdelan iz belo-\u010drnega bomba\u017ea.<\/span><\/span> <span class=\"jCAhz ChMk0b\"><span class=\"ryNqvb\">Katana ima tudi edinstveno oblikovano Tsubo (\u0161\u010ditnik) z zlatimi dodatki.<\/span><\/span><\/span><\/span><\/span><\/p>\n<p><span style=\"font-size: 15px; color: #993300;\">Detajli:<\/span><br \/>\n<span style=\"font-size: 15px; color: #993300;\">Jeklo: 1045 High Carbon Steel<\/span><br \/>\n<span style=\"font-size: 15px; color: #993300;\">NAGASA (dol\u017eina rezila): 70 cm, 72,5 cm s Habaki-jem<\/span><br \/>\n<span style=\"font-size: 15px; color: #993300;\">HAMON (motiv ostrine): Notare<\/span><br \/>\n<span style=\"font-size: 15px; color: #993300;\">SORI (ukrivljenost): 2,00 cm<\/span><br \/>\n<span style=\"font-size: 15px; color: #993300;\">TSUKA (ro\u010daj): 27 cm<\/span><br \/>\n<span style=\"font-size: 15px; color: #993300;\">TSUKA ITO (navitje ro\u010daja): bel bomba\u017e<\/span><br \/>\n<span style=\"font-size: 15px; color: #993300;\">SAME (podloga ro\u010daja): real ray skin<\/span><br \/>\n<span style=\"font-size: 15px; color: #993300;\">TSUBA (\u0161\u010ditnik): Mokkogata<\/span><br \/>\n<span style=\"font-size: 15px; color: #993300;\">BOHI (\u017eleb v rezilu): DA<\/span><br \/>\n<span style=\"font-size: 15px; color: #993300;\">SAYA: 77 cm beloo lakiran Kuroro les<\/span><br \/>\n<span style=\"font-size: 15px; color: #993300;\">SAGEO (vrvica): belo-\u010drn Shigeuchi<\/span><br \/>\n<span style=\"color: #993300;\"><span style=\"font-size: 15px;\">MEKUGI (zati\u010d): bambusov 2X<br \/>\n<\/span><span style=\"font-size: 15px;\">Te\u017ea: cca. 1.360 g (s Sayo), 1.140 g (brez Saye)<\/span><\/span><\/p>\n<p><span style=\"font-size: 15px; color: #993300;\">Darilo: bomba\u017ena prenosna torba!<\/span><\/p>\n<p><span style=\"font-size: 15px; color: #993300;\">TA ARTIKEL PRODAJAMO SAMO POLNOLETNIM OSEBAM!!<\/span><\/p>\n<div><\/div>\n<div><span style=\"font-size: 11px; color: #993300;\">Opozorilo!<\/span><br \/>\n<span style=\"font-size: 11px; color: #993300;\">\u25ba Artikel je namenjen samo dekorativni uporabi oziroma osebnemu treningu borilnih ve\u0161\u010din.<\/span><br \/>\n<span style=\"font-size: 11px; color: #993300;\">\u25ba Po prodaji, prodajalec ni ve\u010d odgovoren za nikakr\u0161ne po\u0161kodbe, ki se lahko zgodijo zaradi napa\u010dne uporabe ali zanemarjanja teh opozoril. Novi lastnik prevzema popolno odgovornost za skrb in uporabo tega artikla.<\/span><br \/>\n<span style=\"font-size: 11px; color: #993300;\">\u25ba Vsakr\u0161na napa\u010dna uporaba ali nepazljivost lahko vam ali drugemu povzro\u010di resne po\u0161kodbe ali celo smrt!<\/span><br \/>\n<span style=\"font-size: 11px; color: #993300;\">\u25ba Ta artikel se v nobenem primeru ne sme uporabljati na drugi osebi!<\/span><\/div>\n","protected":false},"excerpt":{"rendered":"<p><span style=\"color: #003366;\"><strong>Belo okra\u0161en Katana me\u010d.<\/strong><\/span><\/p>\n","protected":false},"featured_media":120517,"comment_status":"open","ping_status":"closed","template":"","meta":[],"product_brand":[5611],"product_cat":[1035,5383,5375,5377,721,1037,741,1025,5384],"product_tag":[],"class_list":{"0":"post-107944","1":"product","2":"type-product","3":"status-publish","4":"has-post-thumbnail","6":"product_brand-john-lee","7":"product_cat-aikido-kendo-iai-kobudo-1","8":"product_cat-iaito-trening-katana-meci","9":"product_cat-john-lee-sl","10":"product_cat-john-lee-2","11":"product_cat-kobudo-orozja","12":"product_cat-ninjutsu-3","13":"product_cat-novosti","14":"product_cat-novosti-2","15":"product_cat-shinken-trening-katana-meci","17":"first","18":"outofstock","19":"taxable","20":"shipping-taxable","21":"purchasable","22":"product-type-simple"},"_links":{"self":[{"href":"https:\/\/www.budoshop.si\/sl\/wp-json\/wp\/v2\/product\/107944","targetHints":{"allow":["GET"]}}],"collection":[{"href":"https:\/\/www.budoshop.si\/sl\/wp-json\/wp\/v2\/product"}],"about":[{"href":"https:\/\/www.budoshop.si\/sl\/wp-json\/wp\/v2\/types\/product"}],"replies":[{"embeddable":true,"href":"https:\/\/www.budoshop.si\/sl\/wp-json\/wp\/v2\/comments?post=107944"}],"wp:featuredmedia":[{"embeddable":true,"href":"https:\/\/www.budoshop.si\/sl\/wp-json\/wp\/v2\/media\/120517"}],"wp:attachment":[{"href":"https:\/\/www.budoshop.si\/sl\/wp-json\/wp\/v2\/media?parent=107944"}],"wp:term":[{"taxonomy":"product_brand","embeddable":true,"href":"https:\/\/www.budoshop.si\/sl\/wp-json\/wp\/v2\/product_brand?post=107944"},{"taxonomy":"product_cat","embeddable":true,"href":"https:\/\/www.budoshop.si\/sl\/wp-json\/wp\/v2\/product_cat?post=107944"},{"taxonomy":"product_tag","embeddable":true,"href":"https:\/\/www.budoshop.si\/sl\/wp-json\/wp\/v2\/product_tag?post=107944"}],"curies":[{"name":"wp","href":"https:\/\/api.w.org\/{rel}","templated":true}]}}