{"id":107537,"date":"2023-10-02T10:06:48","date_gmt":"2023-10-02T08:06:48","guid":{"rendered":"https:\/\/budoshop.si\/white-oak-practice-sword-bokken-shoto-white\/"},"modified":"2026-01-12T15:37:19","modified_gmt":"2026-01-12T14:37:19","slug":"lesen-vadbeni-mec-bokken-shoto-white","status":"publish","type":"product","link":"https:\/\/www.budoshop.si\/sl\/izdelek\/lesen-vadbeni-mec-bokken-shoto-white\/","title":{"rendered":"Lesen vadbeni me\u010d &#8221;Bokken SHOTO WHITE&#8221;"},"content":{"rendered":"<p><span style=\"font-size: 15px; color: #993300;\">Lesen trening me\u010d tradicionalne oblike kratkega Wakizashi me\u010da s plasti\u010dno Tsubo (\u0161\u010ditnik) pri ro\u010daju, ki omogo\u010da varen trening me\u010devanja. Me\u010d je izdelan iz posebno \u010dvrstega belega hrasta, ki daje me\u010du potrebno \u010dvrstino in s tem tudi dalj\u0161o obstojnost.<\/span><\/p>\n<p><span style=\"font-size: 15px; color: #993300;\">Skupna dol\u017eina: cca. 55 cm<\/span><br \/>\n<span style=\"font-size: 15px; color: #993300;\">Dol\u017eina rezila: cca. 41 cm<\/span><br \/>\n<span style=\"font-size: 15px; color: #993300;\">Dol\u017eina ro\u010daja: cca. 14 cm<\/span><br \/>\n<span style=\"font-size: 15px; color: #993300;\">Te\u017ea: cca. 360 g<\/span><\/p>\n","protected":false},"excerpt":{"rendered":"<p><span style=\"color: #003366;\"><strong>Kratek lesen me\u010d traditionalne Wakizashi oblike iz belega hrasta.<\/strong><\/span><\/p>\n","protected":false},"featured_media":107536,"comment_status":"open","ping_status":"closed","template":"","meta":[],"product_brand":[5595],"product_cat":[1035,721,757,723,929,1037,977],"product_tag":[],"class_list":{"0":"post-107537","1":"product","2":"type-product","3":"status-publish","4":"has-post-thumbnail","6":"product_brand-ju-sports","7":"product_cat-aikido-kendo-iai-kobudo-1","8":"product_cat-kobudo-orozja","9":"product_cat-leseni","10":"product_cat-meci","11":"product_cat-nazaj","12":"product_cat-ninjutsu-3","13":"product_cat-yari-no-hanzo-1","15":"first","16":"instock","17":"taxable","18":"shipping-taxable","19":"purchasable","20":"product-type-simple"},"_links":{"self":[{"href":"https:\/\/www.budoshop.si\/sl\/wp-json\/wp\/v2\/product\/107537","targetHints":{"allow":["GET"]}}],"collection":[{"href":"https:\/\/www.budoshop.si\/sl\/wp-json\/wp\/v2\/product"}],"about":[{"href":"https:\/\/www.budoshop.si\/sl\/wp-json\/wp\/v2\/types\/product"}],"replies":[{"embeddable":true,"href":"https:\/\/www.budoshop.si\/sl\/wp-json\/wp\/v2\/comments?post=107537"}],"wp:featuredmedia":[{"embeddable":true,"href":"https:\/\/www.budoshop.si\/sl\/wp-json\/wp\/v2\/media\/107536"}],"wp:attachment":[{"href":"https:\/\/www.budoshop.si\/sl\/wp-json\/wp\/v2\/media?parent=107537"}],"wp:term":[{"taxonomy":"product_brand","embeddable":true,"href":"https:\/\/www.budoshop.si\/sl\/wp-json\/wp\/v2\/product_brand?post=107537"},{"taxonomy":"product_cat","embeddable":true,"href":"https:\/\/www.budoshop.si\/sl\/wp-json\/wp\/v2\/product_cat?post=107537"},{"taxonomy":"product_tag","embeddable":true,"href":"https:\/\/www.budoshop.si\/sl\/wp-json\/wp\/v2\/product_tag?post=107537"}],"curies":[{"name":"wp","href":"https:\/\/api.w.org\/{rel}","templated":true}]}}