{"id":107366,"date":"2023-09-29T13:06:11","date_gmt":"2023-09-29T11:06:11","guid":{"rendered":"https:\/\/budoshop.si\/mouth-guard-profi\/"},"modified":"2023-09-29T14:12:59","modified_gmt":"2023-09-29T12:12:59","slug":"profesionalni-scitnik-za-zobe-profi","status":"publish","type":"product","link":"https:\/\/www.budoshop.si\/sl\/izdelek\/profesionalni-scitnik-za-zobe-profi\/","title":{"rendered":"Profesionalni \u0161\u010ditnik za zobe &#8221;PROFI&#8221;"},"content":{"rendered":"<p><span style=\"font-size: 15px; color: #993300;\">Poseben profesionalni prilagodljiv \u0161\u010ditnik za zobe. \u0160\u010ditnik pripravimo tako, da zlijemo prilo\u017eeno teko\u010dino v posodico s prilo\u017eenim posebnim pra\u0161kom in dobro preme\u0161amo. Dobljeno zmes vlijemo v \u0161\u010ditnik in pustimo mirovati cca. 2 minuti. \u0160\u010ditnik za zobe je pripravljen, ko lahko na zmesi, \u010de se jo dotaknemo, pustimo prstni odtis.Takrat \u0161\u010ditnik nataknemo na zgornjo vrsto zob in stisnemo zobe, da se \u0161\u010ditnik namesti v udoben polo\u017eaj. Po petih minutah \u0161\u010ditnik snamemo in ga izperemo z vodo. Vi\u0161ek zmesi se odstrani z ostrim parom \u0161karij.<\/span><\/p>\n<p><span style=\"font-size: 15px; color: #993300;\">Set vsebuje: gumiran \u0161\u010ditnik za zobe, teko\u010dino, pra\u0161ek in \u017eli\u010dko za pripravo.<\/span><\/p>\n","protected":false},"excerpt":{"rendered":"<p><span style=\"color: #003366;\"><strong>Profesionalni \u0161\u010ditnik za zobe.<\/strong><\/span><\/p>\n","protected":false},"featured_media":107365,"comment_status":"open","ping_status":"closed","template":"","meta":[],"product_brand":[5612],"product_cat":[1043,1045,947,1029,929,903,1039],"product_tag":[],"class_list":{"0":"post-107366","1":"product","2":"type-product","3":"status-publish","4":"has-post-thumbnail","6":"product_brand-kamikaze","7":"product_cat-boks-kickbox-tajski-boks-mma","8":"product_cat-kamikaze-5","9":"product_cat-kamikaze-3","10":"product_cat-karate-5","11":"product_cat-nazaj","12":"product_cat-scitniki-za-zobe","13":"product_cat-taekwondo-3","15":"first","16":"instock","17":"taxable","18":"shipping-taxable","19":"purchasable","20":"product-type-simple"},"_links":{"self":[{"href":"https:\/\/www.budoshop.si\/sl\/wp-json\/wp\/v2\/product\/107366","targetHints":{"allow":["GET"]}}],"collection":[{"href":"https:\/\/www.budoshop.si\/sl\/wp-json\/wp\/v2\/product"}],"about":[{"href":"https:\/\/www.budoshop.si\/sl\/wp-json\/wp\/v2\/types\/product"}],"replies":[{"embeddable":true,"href":"https:\/\/www.budoshop.si\/sl\/wp-json\/wp\/v2\/comments?post=107366"}],"wp:featuredmedia":[{"embeddable":true,"href":"https:\/\/www.budoshop.si\/sl\/wp-json\/wp\/v2\/media\/107365"}],"wp:attachment":[{"href":"https:\/\/www.budoshop.si\/sl\/wp-json\/wp\/v2\/media?parent=107366"}],"wp:term":[{"taxonomy":"product_brand","embeddable":true,"href":"https:\/\/www.budoshop.si\/sl\/wp-json\/wp\/v2\/product_brand?post=107366"},{"taxonomy":"product_cat","embeddable":true,"href":"https:\/\/www.budoshop.si\/sl\/wp-json\/wp\/v2\/product_cat?post=107366"},{"taxonomy":"product_tag","embeddable":true,"href":"https:\/\/www.budoshop.si\/sl\/wp-json\/wp\/v2\/product_tag?post=107366"}],"curies":[{"name":"wp","href":"https:\/\/api.w.org\/{rel}","templated":true}]}}