{"id":107263,"date":"2023-09-27T13:50:21","date_gmt":"2023-09-27T11:50:21","guid":{"rendered":"https:\/\/budoshop.si\/tatami-mats-kids-on-sale\/"},"modified":"2026-03-18T12:44:04","modified_gmt":"2026-03-18T11:44:04","slug":"tatami-blazine-kids-v-akciji","status":"publish","type":"product","link":"https:\/\/www.budoshop.si\/sl\/izdelek\/tatami-blazine-kids-v-akciji\/","title":{"rendered":"Tatami blazine &#8221;KIDS&#8221;"},"content":{"rendered":"<div><span style=\"font-size: 15px; color: #993300;\">Te cenovno ugodne Tatami blazine so predvsem primerne za opremljanje igralnic in otro\u0161kih sob. Kljub cenovni ugodnosti blazine ne zaostajajo za dra\u017ejimi modeli, saj so izdelane iz kvalitetnega polietilena (reciklirana pena), ki se ne zbija in ohranja konstantno enakomernost in trdoto po celoti blazini. Imajo ne drse\u010do povr\u0161ino in so prakti\u010dne sive barve, saj otroci hitro zama\u017eejo tla, ki jih je pri svetlej\u0161ih barvah te\u017eko o\u010distiti.<\/span><\/div>\n<div><span style=\"font-size: 15px; color: #993300;\">Ker se sestavljajo na puzzle na\u010din, se blazine ne razdirajo in ne lezejo narazen. Njegove dimenzije (61 x 61cm x 1,2cm) jih delajo zelo prakti\u010dne in lahko prenosljive. Vsaka blazina je opremljena tudi z dvema zaklju\u010dnima robovima s katerimi lahko opremite tla po svojih potrebah.<\/span><br \/>\n<span style=\"font-size: 15px; color: #993300;\">S temi blazinami bo va\u0161 mal\u010dek zagotovo varen pri svoji igri, tudi \u010de pade ali se prevrne.<\/span><\/div>\n<p><span style=\"font-size: 15px; color: #993300;\">Barve: siva, rde\u010da, modra ali rumena<\/span><\/p>\n<div><span style=\"font-size: 15px; color: #993300;\">Dimenzije: 61 x 61 x 1,2cm<\/span><\/div>\n","protected":false},"excerpt":{"rendered":"<p><span style=\"color: #003366;\"><strong>Sestavljive Tatami blazine za doma\u010do uporabo.<\/strong><\/span><\/p>\n","protected":false},"featured_media":107262,"comment_status":"open","ping_status":"closed","template":"","meta":[],"product_brand":[5620],"product_cat":[1035,1043,1033,1031,1029,1037,1039,1041,743],"product_tag":[],"class_list":{"0":"post-107263","1":"product","2":"type-product","3":"status-publish","4":"has-post-thumbnail","6":"product_brand-pride","7":"product_cat-aikido-kendo-iai-kobudo-1","8":"product_cat-boks-kickbox-tajski-boks-mma","9":"product_cat-ju-jitsujiu-jitsu-1","10":"product_cat-judo-1","11":"product_cat-karate-5","12":"product_cat-ninjutsu-3","13":"product_cat-taekwondo-3","14":"product_cat-tai-chi-kunf-fu-wu-shu-1","15":"product_cat-tatami-blazine","16":"pa_barva-modre-barve-en","17":"pa_barva-rumene-barve-sl","18":"pa_barva-rdeca-barva-sl-2","19":"pa_barva-siva-sl","21":"first","22":"instock","23":"taxable","24":"shipping-taxable","25":"purchasable","26":"product-type-variable"},"_links":{"self":[{"href":"https:\/\/www.budoshop.si\/sl\/wp-json\/wp\/v2\/product\/107263","targetHints":{"allow":["GET"]}}],"collection":[{"href":"https:\/\/www.budoshop.si\/sl\/wp-json\/wp\/v2\/product"}],"about":[{"href":"https:\/\/www.budoshop.si\/sl\/wp-json\/wp\/v2\/types\/product"}],"replies":[{"embeddable":true,"href":"https:\/\/www.budoshop.si\/sl\/wp-json\/wp\/v2\/comments?post=107263"}],"wp:featuredmedia":[{"embeddable":true,"href":"https:\/\/www.budoshop.si\/sl\/wp-json\/wp\/v2\/media\/107262"}],"wp:attachment":[{"href":"https:\/\/www.budoshop.si\/sl\/wp-json\/wp\/v2\/media?parent=107263"}],"wp:term":[{"taxonomy":"product_brand","embeddable":true,"href":"https:\/\/www.budoshop.si\/sl\/wp-json\/wp\/v2\/product_brand?post=107263"},{"taxonomy":"product_cat","embeddable":true,"href":"https:\/\/www.budoshop.si\/sl\/wp-json\/wp\/v2\/product_cat?post=107263"},{"taxonomy":"product_tag","embeddable":true,"href":"https:\/\/www.budoshop.si\/sl\/wp-json\/wp\/v2\/product_tag?post=107263"}],"curies":[{"name":"wp","href":"https:\/\/api.w.org\/{rel}","templated":true}]}}