{"id":107128,"date":"2023-09-26T12:49:37","date_gmt":"2023-09-26T10:49:37","guid":{"rendered":"https:\/\/budoshop.si\/boxing-head-guard-profi-black-new\/"},"modified":"2024-04-02T08:08:30","modified_gmt":"2024-04-02T06:08:30","slug":"boxing-head-guard-profi-black-new","status":"publish","type":"product","link":"https:\/\/www.budoshop.si\/sl\/izdelek\/boxing-head-guard-profi-black-new\/","title":{"rendered":"Boks \u010delada &#8221;PROFI BLACK&#8221;"},"content":{"rendered":"<p><span style=\"font-size: 15px; color: #993300;\">Ta boks \u010delada je udobna, lahka in nudi varen trening boksa, kickbox-a in sorodnih ve\u0161\u010din. Izdelana je iz robustnega umetnega usnja z dobro oblazinjenostjo, da u\u010dinkovito prepre\u010duje po\u0161kodbe \u010dela, li\u010dnic, brade, \u010deljusti in temena. Prilagodljiva ergonomska oblika z zapenjanjem zadaj na je\u017eka nudi udobno uporabo ter enostavno in hitro natikanje in snemanje. Izbrani material nudi enostavno \u010di\u0161\u010denje, odprtine na predelu u\u0161es pa prepre\u010dujejo oviranje sluha. Zasnovano v Nem\u010diji.<\/span><\/p>\n<p><span style=\"font-size: 15px; color: #993300;\">Univerzalna velikost.<\/span><\/p>\n","protected":false},"excerpt":{"rendered":"<p><span style=\"color: #003366;\"><strong>Boks \u010delada s polno za\u0161\u010dito.<\/strong><\/span><\/p>\n","protected":false},"featured_media":107127,"comment_status":"open","ping_status":"closed","template":"","meta":[],"product_brand":[],"product_cat":[683,1043,1085,1087,929,769],"product_tag":[],"class_list":{"0":"post-107128","1":"product","2":"type-product","3":"status-publish","4":"has-post-thumbnail","6":"product_cat-kick-thai-boksing-mma","7":"product_cat-boks-kickbox-tajski-boks-mma","8":"product_cat-dax-1","9":"product_cat-dax-3","10":"product_cat-nazaj","11":"product_cat-scitniki-za-glavo","13":"first","14":"instock","15":"taxable","16":"shipping-taxable","17":"purchasable","18":"product-type-simple"},"_links":{"self":[{"href":"https:\/\/www.budoshop.si\/sl\/wp-json\/wp\/v2\/product\/107128","targetHints":{"allow":["GET"]}}],"collection":[{"href":"https:\/\/www.budoshop.si\/sl\/wp-json\/wp\/v2\/product"}],"about":[{"href":"https:\/\/www.budoshop.si\/sl\/wp-json\/wp\/v2\/types\/product"}],"replies":[{"embeddable":true,"href":"https:\/\/www.budoshop.si\/sl\/wp-json\/wp\/v2\/comments?post=107128"}],"wp:featuredmedia":[{"embeddable":true,"href":"https:\/\/www.budoshop.si\/sl\/wp-json\/wp\/v2\/media\/107127"}],"wp:attachment":[{"href":"https:\/\/www.budoshop.si\/sl\/wp-json\/wp\/v2\/media?parent=107128"}],"wp:term":[{"taxonomy":"product_brand","embeddable":true,"href":"https:\/\/www.budoshop.si\/sl\/wp-json\/wp\/v2\/product_brand?post=107128"},{"taxonomy":"product_cat","embeddable":true,"href":"https:\/\/www.budoshop.si\/sl\/wp-json\/wp\/v2\/product_cat?post=107128"},{"taxonomy":"product_tag","embeddable":true,"href":"https:\/\/www.budoshop.si\/sl\/wp-json\/wp\/v2\/product_tag?post=107128"}],"curies":[{"name":"wp","href":"https:\/\/api.w.org\/{rel}","templated":true}]}}