{"id":106970,"date":"2018-09-13T06:51:49","date_gmt":"2018-09-13T06:51:49","guid":{"rendered":"https:\/\/budoshop.si\/obi-adidas-1431\/"},"modified":"2024-08-27T08:30:30","modified_gmt":"2024-08-27T06:30:30","slug":"obi-adidas-1431","status":"publish","type":"product","link":"https:\/\/www.budoshop.si\/sl\/izdelek\/obi-adidas-1431\/","title":{"rendered":"Karate \/ Judo \/ Taekwondo pas &#8221;Obi ADIDAS&#8221;"},"content":{"rendered":"<div>\n<p><span style=\"color: #993300;\">Barvni Adidas pasovi za borilne ve\u0161\u010dine kot so Karate, Judo, Jujitsu, Taekwondo in druge. Pasovi so izdelani iz kvalitetnega 100% bomba\u017ea obstojnih barv. Ve\u010dkrat pre\u0161it za trdnost in obstojnost. \u0160irine 4 cm.<\/span><\/p>\n<p><span style=\"color: #993300;\">Barve: bela, rumena, oran\u017ena, zelena, modra, rjava in rde\u010da.<\/span><\/p>\n<\/div>\n<div><\/div>\n<div><span style=\"color: #993300;\">Dol\u017eine: 240 &#8211; 260 &#8211; 280 &#8211; 300 cm<\/span><\/div>\n","protected":false},"excerpt":{"rendered":"<p><span style=\"color: #002060;\"><strong>Enobarvni Adidas pasovi za borilne ve\u0161\u010dine.<\/strong><\/span><\/p>\n","protected":false},"featured_media":83309,"comment_status":"open","ping_status":"closed","template":"","meta":[],"product_brand":[5594],"product_cat":[951,1049,927,859,1033,1031,1029,1037],"product_tag":[],"class_list":{"0":"post-106970","1":"product","2":"type-product","3":"status-publish","4":"has-post-thumbnail","6":"product_brand-adidas","7":"product_cat-adidas-3","8":"product_cat-adidas-7","9":"product_cat-v-akciji","10":"product_cat-barvni-pasovi","11":"product_cat-ju-jitsujiu-jitsu-1","12":"product_cat-judo-1","13":"product_cat-karate-5","14":"product_cat-ninjutsu-3","15":"pa_barva-bele-barve-sl","16":"pa_barva-modre-barve-sl","17":"pa_barva-oranzna-barva-sl","18":"pa_barva-rdeca-barva-sl-2","19":"pa_barva-rjava-barva-sl","20":"pa_barva-rumene-barve-sl","21":"pa_barva-zelene-barve-sl","22":"pa_dolzina-200-cm-sl","23":"pa_dolzina-240-cm-sl","24":"pa_dolzina-260-cm-sl","25":"pa_dolzina-280-cm-sl","26":"pa_dolzina-300-cm-sl","27":"pa_dolzina-320-cm-sl","28":"pa_sw_featured-yes-sl","30":"first","31":"instock","32":"taxable","33":"shipping-taxable","34":"purchasable","35":"product-type-variable"},"_links":{"self":[{"href":"https:\/\/www.budoshop.si\/sl\/wp-json\/wp\/v2\/product\/106970","targetHints":{"allow":["GET"]}}],"collection":[{"href":"https:\/\/www.budoshop.si\/sl\/wp-json\/wp\/v2\/product"}],"about":[{"href":"https:\/\/www.budoshop.si\/sl\/wp-json\/wp\/v2\/types\/product"}],"replies":[{"embeddable":true,"href":"https:\/\/www.budoshop.si\/sl\/wp-json\/wp\/v2\/comments?post=106970"}],"wp:featuredmedia":[{"embeddable":true,"href":"https:\/\/www.budoshop.si\/sl\/wp-json\/wp\/v2\/media\/83309"}],"wp:attachment":[{"href":"https:\/\/www.budoshop.si\/sl\/wp-json\/wp\/v2\/media?parent=106970"}],"wp:term":[{"taxonomy":"product_brand","embeddable":true,"href":"https:\/\/www.budoshop.si\/sl\/wp-json\/wp\/v2\/product_brand?post=106970"},{"taxonomy":"product_cat","embeddable":true,"href":"https:\/\/www.budoshop.si\/sl\/wp-json\/wp\/v2\/product_cat?post=106970"},{"taxonomy":"product_tag","embeddable":true,"href":"https:\/\/www.budoshop.si\/sl\/wp-json\/wp\/v2\/product_tag?post=106970"}],"curies":[{"name":"wp","href":"https:\/\/api.w.org\/{rel}","templated":true}]}}