{"id":106050,"date":"2018-09-13T06:51:49","date_gmt":"2018-09-13T06:51:49","guid":{"rendered":"https:\/\/budoshop.si\/gloves-karate-black-new-1465\/"},"modified":"2023-09-19T12:45:37","modified_gmt":"2023-09-19T10:45:37","slug":"gloves-karate-black-new-1465","status":"publish","type":"product","link":"https:\/\/www.budoshop.si\/sl\/izdelek\/gloves-karate-black-new-1465\/","title":{"rendered":"Karate rokavice &#8221;KARATE BLACK&#8221;"},"content":{"rendered":"<div style=\"text-align: justify;\">\n<div style=\"text-align: justify;\"><span style=\"color: #c00000; font-size: 15px;\">Te elasti\u010dne Karate rokavice \u010drne barve imajo na prednjem delu dve odprtini za po dva prsta, na stranskem pa je odprtina za palec. Zgornji del, ki pokriva \u010dlenke in stranski del, ki pokriva rob dlani sta oblo\u017eena z 10mm debelo za\u0161\u010ditno peno, ki omogo\u010da dobro za\u0161\u010dito in prepre\u010duje modrice. Te Karate rokavice so izdelane iz 100%, banda\u017eam podobnega elasti\u010dnega bomba\u017ea, ki ne dra\u017ei ko\u017ee in so kot tak\u0161ne primerne tako za udarjanje kot tudi za grabljenje, kar omogo\u010dajo prosti prsti. Primerne so za KARATE KUMITE in tudi sparing vseh ostalih ve\u0161\u010din in \u0161portov. Poleg tega pa so primerne tudi za ve\u0161\u010dine kot so JU JUTSU in udarjanje v vre\u010do. Pralne do 30\u00b0.<\/span><\/p>\n<p><span style=\"color: #c00000; font-size: 15px;\"> Prodajajo se v paru. <\/span><\/div>\n<div style=\"text-align: justify;\">\n<span style=\"color: #c00000; font-size: 15px;\"> Velikosti: S &#8211; M &#8211; L<\/span><\/div>\n<p>&nbsp;<\/p>\n<\/div>\n","protected":false},"excerpt":{"rendered":"<p><span style=\"color: #002060; font-size: 15px;\"><strong><span style=\"color: #002060;\">Bomba\u017ene elasti\u010dne Karate rokavice \u010drne barve.<\/span><\/strong><\/span><\/p>\n","protected":false},"featured_media":84169,"comment_status":"open","ping_status":"closed","template":"","meta":[],"product_brand":[],"product_cat":[1085,1087,1033,1029,817],"product_tag":[],"class_list":{"0":"post-106050","1":"product","2":"type-product","3":"status-publish","4":"has-post-thumbnail","6":"product_cat-dax-1","7":"product_cat-dax-3","8":"product_cat-ju-jitsujiu-jitsu-1","9":"product_cat-karate-5","10":"product_cat-karate-in-jujitsu-rokavice","11":"pa_velikost-l-sl-2","12":"pa_velikost-m-sl-2","13":"pa_velikost-s-sl-2","15":"first","16":"instock","17":"taxable","18":"shipping-taxable","19":"purchasable","20":"product-type-variable"},"_links":{"self":[{"href":"https:\/\/www.budoshop.si\/sl\/wp-json\/wp\/v2\/product\/106050","targetHints":{"allow":["GET"]}}],"collection":[{"href":"https:\/\/www.budoshop.si\/sl\/wp-json\/wp\/v2\/product"}],"about":[{"href":"https:\/\/www.budoshop.si\/sl\/wp-json\/wp\/v2\/types\/product"}],"replies":[{"embeddable":true,"href":"https:\/\/www.budoshop.si\/sl\/wp-json\/wp\/v2\/comments?post=106050"}],"wp:featuredmedia":[{"embeddable":true,"href":"https:\/\/www.budoshop.si\/sl\/wp-json\/wp\/v2\/media\/84169"}],"wp:attachment":[{"href":"https:\/\/www.budoshop.si\/sl\/wp-json\/wp\/v2\/media?parent=106050"}],"wp:term":[{"taxonomy":"product_brand","embeddable":true,"href":"https:\/\/www.budoshop.si\/sl\/wp-json\/wp\/v2\/product_brand?post=106050"},{"taxonomy":"product_cat","embeddable":true,"href":"https:\/\/www.budoshop.si\/sl\/wp-json\/wp\/v2\/product_cat?post=106050"},{"taxonomy":"product_tag","embeddable":true,"href":"https:\/\/www.budoshop.si\/sl\/wp-json\/wp\/v2\/product_tag?post=106050"}],"curies":[{"name":"wp","href":"https:\/\/api.w.org\/{rel}","templated":true}]}}