{"id":2778,"date":"2023-07-21T10:52:01","date_gmt":"2023-07-21T09:52:01","guid":{"rendered":"https:\/\/budoshop.si\/?page_id=2778"},"modified":"2023-09-18T12:02:04","modified_gmt":"2023-09-18T10:02:04","slug":"o-podjetju","status":"publish","type":"page","link":"https:\/\/www.budoshop.si\/sl\/o-podjetju\/","title":{"rendered":"O podjetju"},"content":{"rendered":"\n<p>S spletno trgovino&nbsp;<strong>BUDO SHOP<\/strong>&nbsp;upravlja:<\/p>\n\n\n\n<p><strong>BUDO SHOP<br>Andrej Jasenc s.p.<br>Gorenje 33A<br>1332 Stara Cerkev<br>E-po\u0161ta:\u00a0\u00a0<a href=\"mailto:prodaja@budoshop.si\">info@budoshop.si<\/a><br>WWW:\u00a0\u00a0<a href=\"http:\/\/www.budoshop-sp.si\/\">http:\/\/www.budoshop.si<\/a><\/strong><\/p>\n\n\n\n<p><strong>Dav\u010dna \u0161t.:&nbsp; 33386200<br>TR pri NLB:&nbsp; 02320-0253811369<\/strong><\/p>\n\n\n\n<p><strong>\u0160t. zadnjega vpisa v register:&nbsp;<\/strong>316-10-V01-022035\/2, na dan 22.03.2007<br><strong>\u010clan Trgovinske zbornice Slovenije<\/strong><\/p>\n","protected":false},"excerpt":{"rendered":"<p>S spletno trgovino&nbsp;BUDO SHOP&nbsp;upravlja: BUDO SHOPAndrej Jasenc s.p.Gorenje 33A1332 Stara CerkevE-po\u0161ta:\u00a0\u00a0info@budoshop.siWWW:\u00a0\u00a0http:\/\/www.budoshop.si Dav\u010dna \u0161t.:&nbsp; 33386200TR pri NLB:&nbsp; 02320-0253811369 \u0160t. zadnjega vpisa v register:&nbsp;316-10-V01-022035\/2, na dan 22.03.2007\u010clan Trgovinske zbornice Slovenije<\/p>\n","protected":false},"author":1,"featured_media":0,"parent":0,"menu_order":0,"comment_status":"closed","ping_status":"closed","template":"","meta":{"footnotes":""},"class_list":["post-2778","page","type-page","status-publish","hentry"],"_links":{"self":[{"href":"https:\/\/www.budoshop.si\/sl\/wp-json\/wp\/v2\/pages\/2778","targetHints":{"allow":["GET"]}}],"collection":[{"href":"https:\/\/www.budoshop.si\/sl\/wp-json\/wp\/v2\/pages"}],"about":[{"href":"https:\/\/www.budoshop.si\/sl\/wp-json\/wp\/v2\/types\/page"}],"author":[{"embeddable":true,"href":"https:\/\/www.budoshop.si\/sl\/wp-json\/wp\/v2\/users\/1"}],"replies":[{"embeddable":true,"href":"https:\/\/www.budoshop.si\/sl\/wp-json\/wp\/v2\/comments?post=2778"}],"version-history":[{"count":0,"href":"https:\/\/www.budoshop.si\/sl\/wp-json\/wp\/v2\/pages\/2778\/revisions"}],"wp:attachment":[{"href":"https:\/\/www.budoshop.si\/sl\/wp-json\/wp\/v2\/media?parent=2778"}],"curies":[{"name":"wp","href":"https:\/\/api.w.org\/{rel}","templated":true}]}}