{"id":2776,"date":"2023-07-21T10:51:30","date_gmt":"2023-07-21T09:51:30","guid":{"rendered":"https:\/\/budoshop.si\/?page_id=2776"},"modified":"2023-09-18T12:01:03","modified_gmt":"2023-09-18T10:01:03","slug":"vracanje-artiklov","status":"publish","type":"page","link":"https:\/\/www.budoshop.si\/sl\/vracanje-artiklov\/","title":{"rendered":"Vra\u010danje artiklov"},"content":{"rendered":"\n<p>Politika vra\u010danja blaga in kupnine<br>V primeru, da z naro\u010denimi artikli niste zadovoljni, imate po prejemu blaga na voljo 14 dni \u010dasa, da odstopite od pogodbe. Rok za\u010dne te\u010di naslednji dan po prevzemu blaga. Izdelki morajo biti nato vrnjeni v roku 30 dni po obvestilu o odstopu od pogodbe. Stro\u0161ke vra\u010dila krije kupec.<br><br>Pred vra\u010dilom nas obvestite na elektronski naslov&nbsp;<a href=\"mailto:info@budoshop.si\">info@budoshop.si<\/a>&nbsp;ali nas pokli\u010dite na telefonsko \u0161tevilko 01 \/ 42 73 707, da se dogovorimo o najbolj\u0161em na\u010dinu vra\u010dila.&nbsp;<strong>Odkupninskih po\u0161iljk ne sprejemamo<\/strong>.<br><br>Izdelki naj bodo nepo\u0161kodovani in v originalni embala\u017ei s priro\u010dniki in vsemi garancijskimi potrdili. Vra\u010dilu obvezno prilo\u017eite kopijo originalnega ra\u010duna. Kupnino za vrnjene artikle vam bomo nakazali na va\u0161 transakcijski ra\u010dun ali vam po dogovoru \u0161teli kupnino kot dobropis pri naslednjem nakupu. Denar vra\u010damo na transakcijske ra\u010dune, gotovine ne izpla\u010dujemo. Edini stro\u0161ek, ki bremeni potro\u0161nika v zvezi z odstopom od pogodbe, je neposreden stro\u0161ek vra\u010dila blaga. V kolikor so izdeki po\u0161kodovani, rabljeni, brez originalne embala\u017ee ali pa je ta po\u0161kodovana, si trgovec pridr\u017euje, da vra\u010dilo zavrne ali pa zara\u010duna ustrezno od\u0161kodnino. Denar vam vrnemo takoj oziroma najkasneje v 30 dneh.<br><br>Mo\u017enost vra\u010dila ne velja za:<\/p>\n\n\n\n<ul class=\"wp-block-list\">\n<li>Kompaktne plo\u0161\u010de (CD-ji in DVD-ji), videokasete (VHS) in kasete, v kolikor so odpakirani iz originalne embala\u017ee ali je prelomljen varnostni \u017eig<\/li>\n\n\n\n<li>Programsko opremo in igre, v kolikor so izdelki odpakirani iz originalne embala\u017ee ali je prelomljen varnostni \u017eig<\/li>\n\n\n\n<li>Knjige, \u010dasopisi in revije, v kolikor so izdelki odpakirani iz originalne embala\u017ee ali je prelomljen varnostni \u017eig<\/li>\n\n\n\n<li>Potro\u0161ni material, v kolikor so izdelki odpakirani iz originalne embala\u017ee ali je prelomljen varnostni \u017eig<\/li>\n\n\n\n<li>Blago, ki je bilo izdelano oziroma naro\u010deno po natan\u010dnih navodilih potro\u0161nika, ki je bilo prilagojeno njegovim posebnim potrebam, ki zaradi svoje narave ni primerno za vra\u010dilo, ki je hitro pokvarljivo ali kateremu je \u017ee potekel rok uporabe<\/li>\n<\/ul>\n\n\n\n<p>Navedene izdelke menjamo za enak izdelek le, \u010de so\u00a0<strong>po\u0161kodovani<\/strong>\u00a0ali\u00a0<strong>kako druga\u010de nedelujo\u010di<\/strong>. V primeru, da zgornji pogoji niso upo\u0161tevni, bomo morali reklamacijo blaga zavrniti.<br><br>Izdelke lahko vrnete na na\u0161 naslov osebno ali z dostavno slu\u017ebo na na\u0161 naslov. Prosimo, da se pred vra\u010dilom posvetujete z na\u0161im reklamacijskim oddelkom, kateri na\u010din je za vas najbolj\u0161i.<br><br>BUDO SHOP<br>Dolenjska 80<br>1000 Ljubljana<br>Tel: 041 711 840<br>Fax: 01 8951 742<br><br>ali<br><br>BUDO SHOP<br>Andrej Jasenc s.p.<br>Gorenje 33A<br>1332 Stara Cerkev<br><br>Politika vra\u010danja izdelkov kupljenih v spletni trgovini Budo Shop je v skladu z\u00a0<a rel=\"noreferrer noopener\" href=\"http:\/\/www2.gov.si\/zak\/Zak_vel.nsf\/067cd1764ec38042c12565da002f2781\/c12563a400338836c12565b7005b243f?OpenDocument\" target=\"_blank\">Zakonom o varstvu potro\u0161nikov<\/a>.<\/p>\n","protected":false},"excerpt":{"rendered":"<p>Politika vra\u010danja blaga in kupnineV primeru, da z naro\u010denimi artikli niste zadovoljni, imate po prejemu blaga na voljo 14 dni \u010dasa, da odstopite od pogodbe. Rok za\u010dne te\u010di naslednji dan po prevzemu blaga. Izdelki morajo biti nato vrnjeni v roku 30 dni po obvestilu o odstopu od pogodbe. Stro\u0161ke vra\u010dila krije kupec. Pred vra\u010dilom nas [&hellip;]<\/p>\n","protected":false},"author":1,"featured_media":0,"parent":0,"menu_order":0,"comment_status":"closed","ping_status":"closed","template":"","meta":{"footnotes":""},"class_list":["post-2776","page","type-page","status-publish","hentry"],"_links":{"self":[{"href":"https:\/\/www.budoshop.si\/sl\/wp-json\/wp\/v2\/pages\/2776","targetHints":{"allow":["GET"]}}],"collection":[{"href":"https:\/\/www.budoshop.si\/sl\/wp-json\/wp\/v2\/pages"}],"about":[{"href":"https:\/\/www.budoshop.si\/sl\/wp-json\/wp\/v2\/types\/page"}],"author":[{"embeddable":true,"href":"https:\/\/www.budoshop.si\/sl\/wp-json\/wp\/v2\/users\/1"}],"replies":[{"embeddable":true,"href":"https:\/\/www.budoshop.si\/sl\/wp-json\/wp\/v2\/comments?post=2776"}],"version-history":[{"count":0,"href":"https:\/\/www.budoshop.si\/sl\/wp-json\/wp\/v2\/pages\/2776\/revisions"}],"wp:attachment":[{"href":"https:\/\/www.budoshop.si\/sl\/wp-json\/wp\/v2\/media?parent=2776"}],"curies":[{"name":"wp","href":"https:\/\/api.w.org\/{rel}","templated":true}]}}