{"id":2774,"date":"2023-07-21T10:50:21","date_gmt":"2023-07-21T09:50:21","guid":{"rendered":"https:\/\/budoshop.si\/?page_id=2774"},"modified":"2023-09-18T11:59:23","modified_gmt":"2023-09-18T09:59:23","slug":"dostava","status":"publish","type":"page","link":"https:\/\/www.budoshop.si\/sl\/dostava\/","title":{"rendered":"Dostava"},"content":{"rendered":"\n<p>Dobavni rok za\u010dne te\u010di ob 14.00 na dan prejema potrdila o pla\u010dilu oziroma od takrat, ko ste dobili po elektronski po\u0161ti obvestilo, da je va\u0161e naro\u010dilo &#8220;V obdelavi&#8221;. Dobavni rok je takoj iz zaloge ali v izjemnih primerih po dogovoru.<\/p>\n\n\n\n<p>Artikli, ki so na zalogi in med delovniki prejeti do 14.00ure bodo odposlani \u017ee isti dan, sicer naslednji delovni dan po prejetem naro\u010dilu. V primeru, da izdeleki niso na zalogi, vas bomo po elektronski po\u0161ti obvestili o predvidenem roku dostave.<br><br>Stro\u0161ki dostave\u00a0<strong>so vra\u010dunani<\/strong>\u00a0v ceno naro\u010dila in se za\u010dnejo od 4,50 EUR dalje, odvisno od sku\u0161ne te\u017ee artiklo zbranih v naro\u010dilu. V zneskih po\u0161tnine so v\u0161teti stro\u0161ki po\u0161tnine, pakiranja, zavarovanje in sledenje. Celoten znesek dostave se doda znesku blaga na blagajni.<br>Cena dostave je enaka ne glede na to, kje v Sloveniji \u017eivite.<br><br>Pogodbeni partner za dostavo po\u0161iljk je\u00a0<strong>Po\u0161ta Slovenije<\/strong>, a si pridr\u017eujemo pravico izbire druge dostavne slu\u017ebe, \u010de bomo lahko s tem naro\u010dilo izpolnili bolj u\u010dinkovito.<br><br>V kolikor vas v \u010dasu dostave ni doma, uslu\u017ebenec dostavne slu\u017ebe v nabiralniku pusti sporo\u010dilo s katerim se po\u0161iljko prevzame na svoji po\u0161ti ali dogovori za vnovi\u010dno dostavo.<br><br><strong>V izogib nepotrebnim stro\u0161kom vas prosimo, da naro\u010deno tudi prevzamete!<\/strong><\/p>\n","protected":false},"excerpt":{"rendered":"<p>Dobavni rok za\u010dne te\u010di ob 14.00 na dan prejema potrdila o pla\u010dilu oziroma od takrat, ko ste dobili po elektronski po\u0161ti obvestilo, da je va\u0161e naro\u010dilo &#8220;V obdelavi&#8221;. Dobavni rok je takoj iz zaloge ali v izjemnih primerih po dogovoru. Artikli, ki so na zalogi in med delovniki prejeti do 14.00ure bodo odposlani \u017ee isti [&hellip;]<\/p>\n","protected":false},"author":1,"featured_media":0,"parent":0,"menu_order":0,"comment_status":"closed","ping_status":"closed","template":"","meta":{"footnotes":""},"class_list":["post-2774","page","type-page","status-publish","hentry"],"_links":{"self":[{"href":"https:\/\/www.budoshop.si\/sl\/wp-json\/wp\/v2\/pages\/2774","targetHints":{"allow":["GET"]}}],"collection":[{"href":"https:\/\/www.budoshop.si\/sl\/wp-json\/wp\/v2\/pages"}],"about":[{"href":"https:\/\/www.budoshop.si\/sl\/wp-json\/wp\/v2\/types\/page"}],"author":[{"embeddable":true,"href":"https:\/\/www.budoshop.si\/sl\/wp-json\/wp\/v2\/users\/1"}],"replies":[{"embeddable":true,"href":"https:\/\/www.budoshop.si\/sl\/wp-json\/wp\/v2\/comments?post=2774"}],"version-history":[{"count":0,"href":"https:\/\/www.budoshop.si\/sl\/wp-json\/wp\/v2\/pages\/2774\/revisions"}],"wp:attachment":[{"href":"https:\/\/www.budoshop.si\/sl\/wp-json\/wp\/v2\/media?parent=2774"}],"curies":[{"name":"wp","href":"https:\/\/api.w.org\/{rel}","templated":true}]}}