{"id":2772,"date":"2023-07-21T10:49:52","date_gmt":"2023-07-21T09:49:52","guid":{"rendered":"https:\/\/budoshop.si\/?page_id=2772"},"modified":"2023-07-21T10:49:53","modified_gmt":"2023-07-21T09:49:53","slug":"varnost","status":"publish","type":"page","link":"https:\/\/www.budoshop.si\/sl\/varnost\/","title":{"rendered":"Varnost"},"content":{"rendered":"\n<p>Nakupovanje v spletnih trgovinah ni ni\u010d bolj nevarno kot nakupovanje v klasi\u010dnih trgovinah. Kve\u010dejmu obratno, saj vam lahko kreditno kartico ukradejo, ali pa do podatkov na njej pridejo nepoobla\u0161\u010dene osebe, recimo ko v restavraciji pla\u010dujete ra\u010dun. Neutemeljen in raz\u0161irjen strah o kraji pla\u010dilnih kartic se je pojavil zaradi slabe obve\u0161\u010denosti medijev, ki samo \u0161irijo govorice, ne da bi preverjali resni\u010dna dejstva.<\/p>\n","protected":false},"excerpt":{"rendered":"<p>Nakupovanje v spletnih trgovinah ni ni\u010d bolj nevarno kot nakupovanje v klasi\u010dnih trgovinah. Kve\u010dejmu obratno, saj vam lahko kreditno kartico ukradejo, ali pa do podatkov na njej pridejo nepoobla\u0161\u010dene osebe, recimo ko v restavraciji pla\u010dujete ra\u010dun. Neutemeljen in raz\u0161irjen strah o kraji pla\u010dilnih kartic se je pojavil zaradi slabe obve\u0161\u010denosti medijev, ki samo \u0161irijo govorice, [&hellip;]<\/p>\n","protected":false},"author":1,"featured_media":0,"parent":0,"menu_order":0,"comment_status":"closed","ping_status":"closed","template":"","meta":{"footnotes":""},"class_list":["post-2772","page","type-page","status-publish","hentry"],"_links":{"self":[{"href":"https:\/\/www.budoshop.si\/sl\/wp-json\/wp\/v2\/pages\/2772","targetHints":{"allow":["GET"]}}],"collection":[{"href":"https:\/\/www.budoshop.si\/sl\/wp-json\/wp\/v2\/pages"}],"about":[{"href":"https:\/\/www.budoshop.si\/sl\/wp-json\/wp\/v2\/types\/page"}],"author":[{"embeddable":true,"href":"https:\/\/www.budoshop.si\/sl\/wp-json\/wp\/v2\/users\/1"}],"replies":[{"embeddable":true,"href":"https:\/\/www.budoshop.si\/sl\/wp-json\/wp\/v2\/comments?post=2772"}],"version-history":[{"count":0,"href":"https:\/\/www.budoshop.si\/sl\/wp-json\/wp\/v2\/pages\/2772\/revisions"}],"wp:attachment":[{"href":"https:\/\/www.budoshop.si\/sl\/wp-json\/wp\/v2\/media?parent=2772"}],"curies":[{"name":"wp","href":"https:\/\/api.w.org\/{rel}","templated":true}]}}