{"id":2770,"date":"2023-07-21T10:49:13","date_gmt":"2023-07-21T09:49:13","guid":{"rendered":"https:\/\/budoshop.si\/?page_id=2770"},"modified":"2023-09-18T11:33:49","modified_gmt":"2023-09-18T09:33:49","slug":"placila","status":"publish","type":"page","link":"https:\/\/www.budoshop.si\/sl\/placila\/","title":{"rendered":"Pla\u010dila"},"content":{"rendered":"\n<p><strong>Pla\u010dilo po predra\u010dunu<\/strong><br><br>Pri pla\u010dilu po predra\u010dunu se vam izpi\u0161e predra\u010dun in vzorec polo\u017enice za pla\u010dilo. Polo\u017enico lahko pla\u010date preko spletne banke ali na po\u0161ti. Metoda pla\u010dila preko spletnih bank je med vsemi na\u010dini pla\u010dil zagotovo&nbsp;<strong>najvarnej\u0161a in najhitrej\u0161a<\/strong>&nbsp;in je zato tudi najbolj za\u017eelena.<\/p>\n\n\n\n<p><strong><br>Pla\u010dilo po povzetju<\/strong><br><br>Naro\u010dilo pla\u010date dostavljavcu, ko vam le-ta dostavi naro\u010deno blago. Ve\u010d o tem\u00a0<a href=\"https:\/\/budoshop.si\/dostava\">TUKAJ<\/a>.<\/p>\n\n\n\n<p><strong><br>Pla\u010dila s pla\u010dilnimi karticami<\/strong><\/p>\n\n\n\n<p>Tako v spetni trgovini kot v prodajalni nudimo mo\u017enost pla\u010dila s pla\u010dilnimi in kreditnimi karticami.<br>Za spletne nakupe se lahko uporabljata kartici\u00a0<strong>MasterCard<\/strong>\u00a0ali\u00a0<strong>Visa<\/strong>.<br>Za nakupe v na\u0161i prodajalni pa sprejemamo kartice\u00a0<strong>BA<\/strong>,<strong>\u00a0Maestro<\/strong>,\u00a0<strong>Karanta<\/strong>,\u00a0<strong>MasterCard<\/strong>,\u00a0<strong>Visa<\/strong>\u00a0ali\u00a0<strong>American Express<\/strong>.<br><br><strong>Pla\u010dilo preko PayPal-a<\/strong><br><br>V kolikor \u017eeli pla\u010dilo opraviti preko PayPal-a enostavno izberite to opcijo in sledite postopku.<br><br><strong>Klubske cene<\/strong><br><br>Klubske cene veljajo za klube in zveze iz na\u0161ega seznama kupcev ugodnosti.<br>Najmanj\u0161i nakup za uveljavitev klubskih cen je 30,00 \u20ac.<br>Za uveljavljanje klubskih cen pri spletnem naro\u010dilu je v opombe potrebno pripisati za kateri klub ali zvezo gre.<br>Pri nakupu po klubskih cenah se mora ra\u010dun vedno glasiti na klub ali zvezo, sicer se klubskih cen ne upo\u0161teva.<br><br><strong>Rojstni dan<\/strong><br><br>V kolikor imate rojstni dan, vam na redne cene artiklov na zalogi nudimo 15% popust.<br>Popust velja tako za\u00a0<strong>fizi\u010dne nakupe<\/strong>\u00a0v na\u0161i prodajalni kot za\u00a0<strong>spletne nakupe<\/strong>.<br>Pri obisku prodajalne rojstni dan doka\u017eete z osebnim dokumentom, pri spletnem pa nam morate posredovati kopijo\/sken osebnega dokumenta na e-naslov: info@budoshop.si<\/p>\n","protected":false},"excerpt":{"rendered":"<p>Pla\u010dilo po predra\u010dunu Pri pla\u010dilu po predra\u010dunu se vam izpi\u0161e predra\u010dun in vzorec polo\u017enice za pla\u010dilo. Polo\u017enico lahko pla\u010date preko spletne banke ali na po\u0161ti. Metoda pla\u010dila preko spletnih bank je med vsemi na\u010dini pla\u010dil zagotovo&nbsp;najvarnej\u0161a in najhitrej\u0161a&nbsp;in je zato tudi najbolj za\u017eelena. Pla\u010dilo po povzetju Naro\u010dilo pla\u010date dostavljavcu, ko vam le-ta dostavi naro\u010deno blago. [&hellip;]<\/p>\n","protected":false},"author":1,"featured_media":0,"parent":0,"menu_order":0,"comment_status":"closed","ping_status":"closed","template":"","meta":{"footnotes":""},"class_list":["post-2770","page","type-page","status-publish","hentry"],"_links":{"self":[{"href":"https:\/\/www.budoshop.si\/sl\/wp-json\/wp\/v2\/pages\/2770","targetHints":{"allow":["GET"]}}],"collection":[{"href":"https:\/\/www.budoshop.si\/sl\/wp-json\/wp\/v2\/pages"}],"about":[{"href":"https:\/\/www.budoshop.si\/sl\/wp-json\/wp\/v2\/types\/page"}],"author":[{"embeddable":true,"href":"https:\/\/www.budoshop.si\/sl\/wp-json\/wp\/v2\/users\/1"}],"replies":[{"embeddable":true,"href":"https:\/\/www.budoshop.si\/sl\/wp-json\/wp\/v2\/comments?post=2770"}],"version-history":[{"count":0,"href":"https:\/\/www.budoshop.si\/sl\/wp-json\/wp\/v2\/pages\/2770\/revisions"}],"wp:attachment":[{"href":"https:\/\/www.budoshop.si\/sl\/wp-json\/wp\/v2\/media?parent=2770"}],"curies":[{"name":"wp","href":"https:\/\/api.w.org\/{rel}","templated":true}]}}