{"id":2766,"date":"2023-07-21T10:36:34","date_gmt":"2023-07-21T09:36:34","guid":{"rendered":"https:\/\/budoshop.si\/?page_id=2766"},"modified":"2023-07-21T10:39:34","modified_gmt":"2023-07-21T09:39:34","slug":"vodnik","status":"publish","type":"page","link":"https:\/\/www.budoshop.si\/sl\/vodnik\/","title":{"rendered":"Vodnik"},"content":{"rendered":"\n<p><strong>Kako najdem izdelek?<\/strong><\/p>\n\n\n\n<p>Izdelke, ki vas zanimajo, boste najla\u017eje na\u0161li preko&nbsp;<strong>iskalnika<\/strong>. V polje&nbsp;<strong>Iskanje<\/strong>&nbsp;vpi\u0161ite besedo ali koren besede, ki vas zanima. \u010ce vam iskalnik vrne preve\u010d zadetkov, poskusite biti bolj natan\u010dni, \u010de iskalnik ne najde va\u0161ega izdelka, poskusite s korenom besede ali sinonimom.<br><br>Druga mo\u017enost je iskanje skozi rubrike. V stolpcu na levi strani imate na\u0161tete rubrike, v katere so razvr\u0161\u010deni artikli. Mnoge rubrike imajo tudi svoje podrubrike. Rubrike so logi\u010dno razdeljene, tako da naj ne bi imeli te\u017eav pri brskanju. \u010ce izdelek spada v ve\u010d kategorij, se bo pojavil v vseh.<\/p>\n\n\n\n<p><strong>Kako kupim izdelek?<\/strong><\/p>\n\n\n\n<p>Artikle lahko poljubno dodajate v vozi\u010dek, saj jih iz vozi\u010dka lahko kadarkoli tudi odstranite. Stanje vozi\u010dka lahko pregledate s povezavo&nbsp;<strong>Poka\u017ei vozi\u010dek<\/strong>&nbsp;v podro\u010dju&nbsp;<strong>Vozi\u010dek<\/strong>. Ko se odlo\u010dite za nakup, pritisnete&nbsp;<strong>K blagajni<\/strong>, izpolnite polja z osebnimi podatki &#8211;&nbsp;<strong>Korak 1<\/strong>&nbsp;(\u010de ste \u017ee kdaj uporabljali nakup oziroma, \u010de ste se prej prijavili kot&nbsp;<strong>Nov kupec<\/strong>, vam podatkov ne bo potrebno \u0161e enkrat vpisovati). V nadaljevanju izberete na\u010din prevzema, vnesete naslov za dostavo, \u010de je le ta razli\u010den od naslova, ki ste ga navedli ob prijavi in izberete na\u010din pla\u010dila<\/p>\n\n\n\n<p><strong>Koraki nakupa &#8211; sklenitev pogodbe<\/strong><\/p>\n\n\n\n<p>Uporabnik zbere artikle, ki si jih \u017eeli, jih doda v vozi\u010dek s klikom na gumb &#8220;V vozi\u010dek&#8221;. Iz vozi\u010dka lahko kadarkoli odstrani izbrane artikle iz vozi\u010dka z gumbom &#8220;Odstrani&#8221;. Ko uporabnik zaklju\u010di z zbiranjem artiklov, klikne na gumb &#8220;K blagajni&#8221; ter na blagajni izpolni vse potrebne podatke in odda naro\u010dilo. Naro\u010dilo se postavi v \u010dakalno vrsto, kupec pa dobi kopijo naro\u010dila v svoj po\u0161tni predal. Kupec ima mo\u017enost preklicati naro\u010dilo v vrsti preko elektronske po\u0161te v \u010dasu dveh ur. Naro\u010dilo se hrani v &#8220;Arhivu&#8221; na stre\u017eniku ponudnika. Uporabniku je dosegljivo preko povezave &#8220;Moja naro\u010dila&#8221; v stolpcu &#8220;Moj ra\u010dun&#8221;.<\/p>\n\n\n\n<p><strong><em>Popravljanje naro\u010dila<\/em><\/strong><\/p>\n\n\n\n<p>Kadarkoli med potekom nakupa lahko uporabnik odpre vozi\u010dek in iz vozi\u010dka lahko kadarkoli odstrani izbrane artikle z gumbom &#8220;Odstrani&#8221;.<br><br>Naro\u010dilo potrjeno &#8211; pogodba sklenjena V roku najkasneje 48 ur trgovec pregleda naro\u010dilo, preveri dobavljivost izdelka ter potrdi naro\u010dilo oziroma ga zavrne. V primeru, da se cena v \u010dasu obdelave naro\u010dila spremeni, se trgovec zavezuje, da bo poskusil ponuditi uporabniku ni\u017ejo ceno ali ponuditi ustrezno re\u0161itev, ki bi bila obojestransko zadovoljiva. Trgovec si pridr\u017euje pravico, da pokli\u010de uporabnika na njegovo telefonsko \u0161tevilko oziroma ga kako druga\u010de kontaktira. Pogodba med ponudnikom in uporabnikom je v primeru potrditve naro\u010dila s sporo\u010dilom &#8220;V obdelavi&#8221; nepreklicno sklenjena, v primeru zavrnitve naro\u010dila pa pogodba ni sklenjena.<br><br>Blago odposlano Trgovec v zapakira in odpo\u0161lje blago s prilo\u017eenim originalnim ra\u010dunom in morebitnimi navodili in garancijskim listom ali pa ga stranka prevzame na prevzemnem mestu.<\/p>\n\n\n\n<p><strong>Prijava v BUDO SHOP<\/strong><\/p>\n\n\n\n<p>S prijavo v podro\u010dju&nbsp;<strong>Prijava<\/strong>&nbsp;so vam na razpolago nove dodatne mo\u017enosti. Znotraj podro\u010dja Prijava lahko spremenite svoje osebne podatke ali izbri\u0161ete ra\u010dun. Lahko pa pregledate&nbsp;<strong>&#8216;Moja naro\u010dila&#8217;<\/strong>, stiskate naro\u010dilo oziroma ra\u010dun za opravljen nakup.<\/p>\n\n\n\n<p><strong>Kaj so Novice?<\/strong><\/p>\n\n\n\n<p>Novice so glasilo, s katerim vas obve\u0161\u010damo o novih izdelkih, akcijah in zni\u017eanih cenah. Na Novice se lahko prijavite na vstopni strani in sicer z vnosom elektronskega naslova in potrditvijo naro\u010dila na novice v sredinskem delu spodnje pasice..<\/p>\n\n\n\n<p><strong>Potrebujem dodatno pomo\u010d<\/strong><\/p>\n\n\n\n<p>\u010ce potrebujete dodatno pomo\u010d, obi\u0161\u010dite povezavo&nbsp;<strong>Poglavja pomo\u010d<\/strong>. \u010ce \u0161e vedno ne boste na\u0161li odgovora na va\u0161e vpra\u0161anje, nam ga lahko postavite skozi obrazec&nbsp;<strong><a href=\"https:\/\/budoshop.si\/contact\">Va\u0161a vpra\u0161anja<\/a>&nbsp;<\/strong>(obi\u0161\u010dite povezavo), ki se nahaja na tej povezavi, ali pa nam po\u0161ljete elektronsko po\u0161tno na naslov&nbsp;<a href=\"mailto:info@budoshop.si\">info@budoshop.si<\/a>.<\/p>\n","protected":false},"excerpt":{"rendered":"<p>Kako najdem izdelek? Izdelke, ki vas zanimajo, boste najla\u017eje na\u0161li preko&nbsp;iskalnika. V polje&nbsp;Iskanje&nbsp;vpi\u0161ite besedo ali koren besede, ki vas zanima. \u010ce vam iskalnik vrne preve\u010d zadetkov, poskusite biti bolj natan\u010dni, \u010de iskalnik ne najde va\u0161ega izdelka, poskusite s korenom besede ali sinonimom. Druga mo\u017enost je iskanje skozi rubrike. V stolpcu na levi strani imate na\u0161tete [&hellip;]<\/p>\n","protected":false},"author":1,"featured_media":0,"parent":0,"menu_order":0,"comment_status":"closed","ping_status":"closed","template":"","meta":{"footnotes":""},"class_list":["post-2766","page","type-page","status-publish","hentry"],"_links":{"self":[{"href":"https:\/\/www.budoshop.si\/sl\/wp-json\/wp\/v2\/pages\/2766","targetHints":{"allow":["GET"]}}],"collection":[{"href":"https:\/\/www.budoshop.si\/sl\/wp-json\/wp\/v2\/pages"}],"about":[{"href":"https:\/\/www.budoshop.si\/sl\/wp-json\/wp\/v2\/types\/page"}],"author":[{"embeddable":true,"href":"https:\/\/www.budoshop.si\/sl\/wp-json\/wp\/v2\/users\/1"}],"replies":[{"embeddable":true,"href":"https:\/\/www.budoshop.si\/sl\/wp-json\/wp\/v2\/comments?post=2766"}],"version-history":[{"count":0,"href":"https:\/\/www.budoshop.si\/sl\/wp-json\/wp\/v2\/pages\/2766\/revisions"}],"wp:attachment":[{"href":"https:\/\/www.budoshop.si\/sl\/wp-json\/wp\/v2\/media?parent=2766"}],"curies":[{"name":"wp","href":"https:\/\/api.w.org\/{rel}","templated":true}]}}