{"id":2760,"date":"2023-07-21T09:58:16","date_gmt":"2023-07-21T08:58:16","guid":{"rendered":"https:\/\/budoshop.si\/?page_id=2760"},"modified":"2023-07-21T10:18:36","modified_gmt":"2023-07-21T09:18:36","slug":"poglavja-pomoci","status":"publish","type":"page","link":"https:\/\/www.budoshop.si\/sl\/poglavja-pomoci\/","title":{"rendered":"Poglavja pomo\u010di"},"content":{"rendered":"\t\t<div data-elementor-type=\"wp-page\" data-elementor-id=\"2760\" class=\"elementor elementor-2760\">\n\t\t\t\t\t\t<section class=\"elementor-section elementor-top-section elementor-element elementor-element-e77f898 elementor-section-full_width elementor-section-height-default elementor-section-height-default\" data-id=\"e77f898\" data-element_type=\"section\" data-e-type=\"section\">\r\n\t\t\r\n\t\t\t\t\t\t\t<div class=\"elementor-container elementor-column-gap-default\">\r\n\t\t\t\t\t\t\t\t\t\t\t<div class=\"elementor-column elementor-col-100 elementor-top-column elementor-element elementor-element-a3f8ca3\" data-id=\"a3f8ca3\" data-element_type=\"column\" data-e-type=\"column\">\r\n\t\t\t\t\t<div class=\"elementor-widget-wrap elementor-element-populated\">\r\n\t\t\t\t\t\t\t\t<div class=\"elementor-element elementor-element-ffcca05 elementor-widget elementor-widget-text-editor\" data-id=\"ffcca05\" data-element_type=\"widget\" data-e-type=\"widget\" data-widget_type=\"text-editor.default\">\n\t\t\t\t<div class=\"elementor-widget-container\">\n\t\t\t\t\t\t\t\t\t<p>Pomo\u010d vam ponuja informacije, ki vam bodo pomagale pri nakupovanju in uporabi spletne trgovine in vam podale veliko koli\u010dino uporabnih odgovorov na \u017ee zastavljena vpra\u0161anja.\u00a0<\/p><table border=\"0\" cellspacing=\"0\" cellpadding=\"2\"><tbody><tr><td>\u00a0<\/td><\/tr><tr><td class=\"DialogBorder\">\u00a0<\/td><\/tr><tr><td><table border=\"0\" cellspacing=\"0\" cellpadding=\"0\"><tbody><tr><td><b><a href=\"https:\/\/budoshop.si\/si\/pogoji-poslovanja\/\">Splo\u0161ni pogoji poslovanja<\/a><\/b><\/td><td><b><a href=\"https:\/\/budoshop.si\/placila\">Pla\u010dila<\/a><\/b><\/td><\/tr><tr><td>\u00a0<\/td><td>Katere mo\u017enosti pla\u010dila imam na voljo?<\/td><\/tr><tr><td><b><a href=\"https:\/\/budoshop.si\/vodnik\">Vodnik<\/a><\/b><\/td><td>Kdaj bo kreditna kartica obremenjena?<\/td><\/tr><tr><td>Na\u010drt strani<\/td><td>Varnost pla\u010devanja<\/td><\/tr><tr><td>Kako najdem izdelek?<\/td><td>\u00a0<\/td><\/tr><tr><td>Kako kupim izdelek?<\/td><td><b><a href=\"https:\/\/budoshop.si\/vracanje-artiklov\">Vra\u010danje blaga in kupnine<\/a><\/b><\/td><\/tr><tr><td>Prijava v BUDO SHOP<\/td><td>Pod kak\u0161nimi pogoji sprejemamo vrnjeno blago?<\/td><\/tr><tr><td>Kaj so Novice?<\/td><td>Kaj in kako lahko vrnete ali zamenjate?<\/td><\/tr><tr><td>Potrebujem dodatno pomo\u010d<\/td><td>\u00a0<\/td><\/tr><tr><td>\u00a0<\/td><td><b><a href=\"https:\/\/budoshop.si\/garancijski-list-in-pogoji\">Garancijski list in pogoji<\/a><\/b><\/td><\/tr><tr><td><b><a href=\"https:\/\/budoshop.si\/moj-racun-uporabnik\">Moj ra\u010dun<\/a><\/b><\/td><td>Kdaj velja garancija?<\/td><\/tr><tr><td>Kako ustvarim uporabni\u0161ki ra\u010dun?<\/td><td>Trajanje garancije in garancijski list<\/td><\/tr><tr><td>Kako spremenim svoje podatke?<\/td><td>\u00a0<\/td><\/tr><tr><td>Kako zbri\u0161em svoj ra\u010dun?<\/td><td><b><a href=\"https:\/\/budoshop.si\/dostava\">Dostava<\/a><\/b><\/td><\/tr><tr><td>Pozabil sem geslo!<\/td><td>Kak\u0161ni so stro\u0161ki dostave?<\/td><\/tr><tr><td>Kaj je seznam \u017eelja?<\/td><td>Kako hitra je dostava?<\/td><\/tr><tr><td>\u00a0<\/td><td>\u00a0<\/td><\/tr><tr><td><b><a href=\"https:\/\/budoshop.si\/varnost\">Varnost<\/a><\/b><\/td><td>\u00a0<\/td><\/tr><tr><td>Varnost pla\u010devanja<\/td><td>\u00a0<\/td><\/tr><tr><td>Varovanje osebnih podatkov<\/td><\/tr><\/tbody><\/table><\/td><\/tr><\/tbody><\/table>\t\t\t\t\t\t\t\t<\/div>\n\t\t\t\t<\/div>\n\t\t\t\t\t<\/div>\r\n\t\t\t\t<\/div>\r\n\t\t\t\t\t<\/div>\r\n\t\t\t\t<\/section>\r\n\t\t\t\t<\/div>\n\t\t","protected":false},"excerpt":{"rendered":"<p>Pomo\u010d vam ponuja informacije, ki vam bodo pomagale pri nakupovanju in uporabi spletne trgovine in vam podale veliko koli\u010dino uporabnih odgovorov na \u017ee zastavljena vpra\u0161anja.\u00a0 \u00a0 \u00a0 Splo\u0161ni pogoji poslovanja Pla\u010dila \u00a0 Katere mo\u017enosti pla\u010dila imam na voljo? Vodnik Kdaj bo kreditna kartica obremenjena? Na\u010drt strani Varnost pla\u010devanja Kako najdem izdelek? \u00a0 Kako kupim izdelek? [&hellip;]<\/p>\n","protected":false},"author":1,"featured_media":0,"parent":0,"menu_order":0,"comment_status":"closed","ping_status":"closed","template":"","meta":{"footnotes":""},"class_list":["post-2760","page","type-page","status-publish","hentry"],"_links":{"self":[{"href":"https:\/\/www.budoshop.si\/sl\/wp-json\/wp\/v2\/pages\/2760","targetHints":{"allow":["GET"]}}],"collection":[{"href":"https:\/\/www.budoshop.si\/sl\/wp-json\/wp\/v2\/pages"}],"about":[{"href":"https:\/\/www.budoshop.si\/sl\/wp-json\/wp\/v2\/types\/page"}],"author":[{"embeddable":true,"href":"https:\/\/www.budoshop.si\/sl\/wp-json\/wp\/v2\/users\/1"}],"replies":[{"embeddable":true,"href":"https:\/\/www.budoshop.si\/sl\/wp-json\/wp\/v2\/comments?post=2760"}],"version-history":[{"count":0,"href":"https:\/\/www.budoshop.si\/sl\/wp-json\/wp\/v2\/pages\/2760\/revisions"}],"wp:attachment":[{"href":"https:\/\/www.budoshop.si\/sl\/wp-json\/wp\/v2\/media?parent=2760"}],"curies":[{"name":"wp","href":"https:\/\/api.w.org\/{rel}","templated":true}]}}