{"id":95848,"date":"2022-06-14T13:33:28","date_gmt":"2022-06-14T13:33:28","guid":{"rendered":"https:\/\/budoshop.si\/?product=compression-panths-zebra-long"},"modified":"2026-02-11T08:06:02","modified_gmt":"2026-02-11T07:06:02","slug":"compression-panths-zebra-long","status":"publish","type":"product","link":"https:\/\/www.budoshop.si\/en\/compression-panths-zebra-long\/","title":{"rendered":"Compression panths &#8221;Zebra LONG&#8221; &#8211; ON SALE!!!"},"content":{"rendered":"<div class=\"article-description\" style=\"line-height: 16px;\">\n<p><span style=\"font-size: 15px; color: #993300;\">Long compession pants made of elastic fabric providing a &#8220;second skin effect&#8221;. Our specially developed textiles compress your vessels and can increase the blood flow rate. This makes legs and arms feel light. During the training session the compression also provides a stabilizing effect. The exact fit is crucial so that these positive effects can unfold! Even after the workout the compression effect helps to better remove metabolic waste and to replenish energy reserves more quickly. In training and everyday life compression helps to increase power and well-being!\u00a0 Developed in collaboration with one of the leading producers of recyclable fabrics. Unisex.<br \/>\n<\/span><\/p>\n<ul>\n<li><span style=\"font-size: 15px; color: #993300;\">Recycled stretch fabric for maximum freedom of movement<\/span><\/li>\n<li><span style=\"font-size: 15px; color: #993300;\">Ideal for MMA, BJJ, grappling and fitness training<\/span><\/li>\n<li><span style=\"font-size: 15px; color: #993300;\">Special flat-lock seams prevent uncomfortable friction on the skin<\/span><\/li>\n<li><span style=\"font-size: 15px; color: #993300;\">wide waistband with antislip rubber point lines on the inside<\/span><\/li>\n<li><span style=\"font-size: 15px; color: #993300;\">Robust and durable<\/span><\/li>\n<li><span style=\"font-size: 15px; color: #993300;\">Sublimated logos<\/span><\/li>\n<li><span style=\"font-size: 15px; color: #993300;\">Material: 73% recycled polyester, 27% elastan<\/span><\/li>\n<\/ul>\n<\/div>\n<p><span style=\"font-size: 15px; color: #993300;\">Sizes: S \u2013 M \u2013 L \u2013 XL<\/span><\/p>\n","protected":false},"excerpt":{"rendered":"<p><span style=\"color: #003366;\"><strong>Dolge \u010drne \u0161portne kompresijske hla\u010de znamke Zebra.<\/strong><\/span><\/p>\n","protected":false},"featured_media":95854,"comment_status":"open","ping_status":"closed","template":"","meta":[],"product_brand":[5562],"product_cat":[1032,1030,1028,1042,684,906,1132,1026,1038,1102,1104],"product_tag":[],"class_list":{"0":"post-95848","1":"product","2":"type-product","3":"status-publish","4":"has-post-thumbnail","6":"product_brand-zebra","7":"product_cat-ju-jitsujiu-jitsu","8":"product_cat-judo","9":"product_cat-karate-4","10":"product_cat-kick-thai-boxing-mma-1","11":"product_cat-other","12":"product_cat-pants","13":"product_cat-rashguard","14":"product_cat-v-akciji-1","15":"product_cat-taekwondo-2","16":"product_cat-zebra","17":"product_cat-zebra-2","18":"pa_velikost-l-en","19":"pa_velikost-m-en","20":"pa_velikost-s-en","21":"pa_velikost-xl-en","23":"first","24":"instock","25":"sale","26":"taxable","27":"shipping-taxable","28":"purchasable","29":"product-type-variable"},"_links":{"self":[{"href":"https:\/\/www.budoshop.si\/en\/wp-json\/wp\/v2\/product\/95848","targetHints":{"allow":["GET"]}}],"collection":[{"href":"https:\/\/www.budoshop.si\/en\/wp-json\/wp\/v2\/product"}],"about":[{"href":"https:\/\/www.budoshop.si\/en\/wp-json\/wp\/v2\/types\/product"}],"replies":[{"embeddable":true,"href":"https:\/\/www.budoshop.si\/en\/wp-json\/wp\/v2\/comments?post=95848"}],"wp:featuredmedia":[{"embeddable":true,"href":"https:\/\/www.budoshop.si\/en\/wp-json\/wp\/v2\/media\/95854"}],"wp:attachment":[{"href":"https:\/\/www.budoshop.si\/en\/wp-json\/wp\/v2\/media?parent=95848"}],"wp:term":[{"taxonomy":"product_brand","embeddable":true,"href":"https:\/\/www.budoshop.si\/en\/wp-json\/wp\/v2\/product_brand?post=95848"},{"taxonomy":"product_cat","embeddable":true,"href":"https:\/\/www.budoshop.si\/en\/wp-json\/wp\/v2\/product_cat?post=95848"},{"taxonomy":"product_tag","embeddable":true,"href":"https:\/\/www.budoshop.si\/en\/wp-json\/wp\/v2\/product_tag?post=95848"}],"curies":[{"name":"wp","href":"https:\/\/api.w.org\/{rel}","templated":true}]}}