{"id":81118,"date":"2018-09-13T06:51:49","date_gmt":"2018-09-13T06:51:49","guid":{"rendered":"https:\/\/budoshop.si\/?product=meifu-shinkage-ryu-fundo-kusarijutsu-shurikenjutsu"},"modified":"2024-10-15T08:16:31","modified_gmt":"2024-10-15T06:16:31","slug":"meifu-shinkage-ryu-fundo-kusarijutsu-shurikenjutsu-1332-1","status":"publish","type":"product","link":"https:\/\/www.budoshop.si\/en\/meifu-shinkage-ryu-fundo-kusarijutsu-shurikenjutsu-1332-1\/","title":{"rendered":"Meifu Shinkage Ry\u00fb Fundo-kusarijutsu &#038; Shurikenjutsu"},"content":{"rendered":"<div style=\"text-align: justify;\">\n<p><span style=\"color: #993300; font-size: 15px;\">The Meifu Shinkage-ry\u016b is a modern school of Shuriken Jutsu, founded by Chikatoshi Someya in the 1970s.<br \/>\nHis succesor \u00d4tsuka Yasuyuki in his present book explains both the practice of shurikenjutsu using b\u00f4 shuriken that are common in the Meifu Shinkage ry\u00fb as well as those of the fund\u00f4 kusarijutsu at shodan level. In addition, he provides an insight into the art of sh\u00f4kenjutsu and onkenjutsu.<\/span><\/p>\n<p><span style=\"font-size: 15px; color: #993300;\">153 Pages, 380 Illustrations<\/span><\/p>\n<p><span style=\"font-size: 15px; color: #993300;\">Language: English<\/span><\/p>\n<\/div>\n<p style=\"text-align: justify;\">\n","protected":false},"excerpt":{"rendered":"<p><span style=\"color: #002060;\">Author: <strong>Otsuka YASUKI<\/strong><\/span><\/p>\n","protected":false},"featured_media":81120,"comment_status":"open","ping_status":"closed","template":"","meta":[],"product_brand":[],"product_cat":[1034,800,1036,796,802],"product_tag":[],"class_list":{"0":"post-81118","1":"product","2":"type-product","3":"status-publish","4":"has-post-thumbnail","6":"product_cat-aikido-kendo-iai-kobudo","7":"product_cat-kobudo","8":"product_cat-ninjutsu-2","9":"product_cat-ninjutsu","10":"product_cat-other-arts","12":"first","13":"instock","14":"taxable","15":"shipping-taxable","16":"purchasable","17":"product-type-simple"},"_links":{"self":[{"href":"https:\/\/www.budoshop.si\/en\/wp-json\/wp\/v2\/product\/81118","targetHints":{"allow":["GET"]}}],"collection":[{"href":"https:\/\/www.budoshop.si\/en\/wp-json\/wp\/v2\/product"}],"about":[{"href":"https:\/\/www.budoshop.si\/en\/wp-json\/wp\/v2\/types\/product"}],"replies":[{"embeddable":true,"href":"https:\/\/www.budoshop.si\/en\/wp-json\/wp\/v2\/comments?post=81118"}],"wp:featuredmedia":[{"embeddable":true,"href":"https:\/\/www.budoshop.si\/en\/wp-json\/wp\/v2\/media\/81120"}],"wp:attachment":[{"href":"https:\/\/www.budoshop.si\/en\/wp-json\/wp\/v2\/media?parent=81118"}],"wp:term":[{"taxonomy":"product_brand","embeddable":true,"href":"https:\/\/www.budoshop.si\/en\/wp-json\/wp\/v2\/product_brand?post=81118"},{"taxonomy":"product_cat","embeddable":true,"href":"https:\/\/www.budoshop.si\/en\/wp-json\/wp\/v2\/product_cat?post=81118"},{"taxonomy":"product_tag","embeddable":true,"href":"https:\/\/www.budoshop.si\/en\/wp-json\/wp\/v2\/product_tag?post=81118"}],"curies":[{"name":"wp","href":"https:\/\/api.w.org\/{rel}","templated":true}]}}