{"id":77002,"date":"2018-09-13T06:51:49","date_gmt":"2018-09-13T06:51:49","guid":{"rendered":"https:\/\/budoshop.si\/?product=shinden-fudo-ryu-jutaijutsu-bujinkan-budo-densho"},"modified":"2025-06-03T01:57:17","modified_gmt":"2025-06-02T23:57:17","slug":"shinden-fudo-ryu-jutaijutsu-bujinkan-budo-densho-1187","status":"publish","type":"product","link":"https:\/\/www.budoshop.si\/en\/shinden-fudo-ryu-jutaijutsu-bujinkan-budo-densho-1187\/","title":{"rendered":"SHINDEN FUDO RYU JUTAIJUTSU &#8211; Bujinkan Budo Densho"},"content":{"rendered":"<div style=\"text-align: justify;\">\n<p><span style=\"color: #993300; font-size: 15px;\">This modern densho should primarily be regarded as basic manual for daily training. The feature of this book is that the individual motion sequences are shown by means of illustrations in order to focus on the performance of the individual techniques and <em>kata<\/em>. Concise explanations are completing this work which describes the most important unarmed forms of movements of the <em> Shindenfud\u00f4 Ry\u00fb &#8211; J\u00fbtaijutsu no Kata <\/em>.<br \/>\nThis is the 6th book of the series <em>Bujinkan Bud\u00f4 Densho<\/em>.<\/span><\/p>\n<p><span style=\"color: #993300; font-size: 15px;\">Contents:<\/span><br \/>\n<span style=\"color: #993300; font-size: 15px;\">Kihon Gata<\/span><br \/>\n<span style=\"color: #993300; font-size: 15px;\">Kenzen Ichinyo<\/span><br \/>\n<span style=\"color: #993300; font-size: 15px;\">Goh\u00f4 no Kamae,<\/span><br \/>\n<span style=\"color: #993300; font-size: 15px;\">Shoden no Kata,<\/span><br \/>\n<span style=\"color: #993300; font-size: 15px;\">Ch\u00fbden no Kata,<\/span><br \/>\n<span style=\"color: #993300; font-size: 15px;\">Okuden no Kata,<\/span><br \/>\n<span style=\"color: #993300; font-size: 15px;\">Menkyo Kaiden<\/span><br \/>\n<span style=\"color: #993300; font-size: 15px;\">Ky\u00fbsho,<\/span><br \/>\n<span style=\"color: #993300; font-size: 15px;\">Y\u00f4goshu<\/span><\/p>\n<p><span style=\"color: #993300; font-size: 15px;\">Format: 17,0 x 23,5 cm, 136 pages, 285 illustrations.<\/span><\/p>\n<\/div>\n","protected":false},"excerpt":{"rendered":"<p><span style=\"color: #002060;\">Author: <strong>Carsten KUHN &amp; Tommy James PETERS<\/strong><\/span><\/p>\n","protected":false},"featured_media":77006,"comment_status":"open","ping_status":"closed","template":"","meta":[],"product_brand":[],"product_cat":[796,1036],"product_tag":[],"class_list":{"0":"post-77002","1":"product","2":"type-product","3":"status-publish","4":"has-post-thumbnail","6":"product_cat-ninjutsu","7":"product_cat-ninjutsu-2","9":"first","10":"instock","11":"taxable","12":"shipping-taxable","13":"purchasable","14":"product-type-simple"},"_links":{"self":[{"href":"https:\/\/www.budoshop.si\/en\/wp-json\/wp\/v2\/product\/77002","targetHints":{"allow":["GET"]}}],"collection":[{"href":"https:\/\/www.budoshop.si\/en\/wp-json\/wp\/v2\/product"}],"about":[{"href":"https:\/\/www.budoshop.si\/en\/wp-json\/wp\/v2\/types\/product"}],"replies":[{"embeddable":true,"href":"https:\/\/www.budoshop.si\/en\/wp-json\/wp\/v2\/comments?post=77002"}],"wp:featuredmedia":[{"embeddable":true,"href":"https:\/\/www.budoshop.si\/en\/wp-json\/wp\/v2\/media\/77006"}],"wp:attachment":[{"href":"https:\/\/www.budoshop.si\/en\/wp-json\/wp\/v2\/media?parent=77002"}],"wp:term":[{"taxonomy":"product_brand","embeddable":true,"href":"https:\/\/www.budoshop.si\/en\/wp-json\/wp\/v2\/product_brand?post=77002"},{"taxonomy":"product_cat","embeddable":true,"href":"https:\/\/www.budoshop.si\/en\/wp-json\/wp\/v2\/product_cat?post=77002"},{"taxonomy":"product_tag","embeddable":true,"href":"https:\/\/www.budoshop.si\/en\/wp-json\/wp\/v2\/product_tag?post=77002"}],"curies":[{"name":"wp","href":"https:\/\/api.w.org\/{rel}","templated":true}]}}