{"id":76792,"date":"2018-09-13T06:51:49","date_gmt":"2018-09-13T06:51:49","guid":{"rendered":"https:\/\/budoshop.si\/?product=judo-gi-kimono-adidas-j930-ijf-blue"},"modified":"2025-12-17T08:05:29","modified_gmt":"2025-12-17T07:05:29","slug":"judo-gi-kimono-adidas-j930-ijf-blue-1184","status":"publish","type":"product","link":"https:\/\/www.budoshop.si\/en\/judo-gi-kimono-adidas-j930-ijf-blue-1184\/","title":{"rendered":"Judo Gi (Kimono) &#8221;ADIDAS J930 IJF &#8211; BLUE&#8221;"},"content":{"rendered":"<div style=\"text-align: justify;\">\n<p><span style=\"color: #c00000;\">This is a superior Judo uniform. Official for many national teams such as France, Germany, Austria, Hungary, Cuba, China, Korea, Iran, Egypt &#8230;<br \/>\nJacket made of double-wave polycotton* material (25% cotton \/ 75% polyester, 930 g\/m<sup>2<\/sup>), pants amde of 100% cotton 275 g\/m<sup>2<\/sup>), top quality. Thanks to the unique design of fiber, stitches have 10-year warranty! Compact, natural white, strong grain cloth material. Jacket has classic white woven Adidas stripes on both shoulders.<br \/>\nNew electronic IJF label.<\/span><\/p>\n<p>Set includes pants with drawsting waist and jacket.<\/p>\n<p>Available in sizes from 160 cm to 195 cm (in 5 cm).<\/p>\n<p><strong>This item is officially approved by IJF<\/strong> (International Judo Federation)!<\/p>\n<p>* Polycotton gives the Adidas Judo uniform 20% more resistance against stretching.<\/p>\n<p>We also recommend the purchase of <a href=\"http:\/\/www.budoshop-sp.si\/catalogen\/p1145-Gloves-Adidas-KUMITE-(CE)-NEW-.html\"><strong>Obi Adidas IJF&#8221;<\/strong><\/a> (code: BH06)!<\/p>\n<p>* Testi raztegljivosti so pokazali, da je polibomba\u017e (me\u0161anica bomba\u017ea in poliestra) 20% mo\u010dnej\u0161i ob enaki sili in enaki kompaktnosti tkanja na m<sup>2<\/sup>, ter se po prvem pranju (30<sup>o<\/sup>) kr\u010di za 15% manj (v primerjavi s 100% bomba\u017eem).<\/p>\n<\/div>\n","protected":false},"excerpt":{"rendered":"<p><strong><span style=\"color: #002060;\"><strong>Blue IJF verified superior quality competition Judo uniform<\/strong>.<\/span><br \/>\n_x000d_<br \/>\n<\/strong><\/p>\n","protected":false},"featured_media":76796,"comment_status":"open","ping_status":"closed","template":"","meta":[],"product_brand":[],"product_cat":[],"product_tag":[],"class_list":{"0":"post-76792","1":"product","2":"type-product","3":"status-publish","4":"has-post-thumbnail","6":"pa_velikost-160-cm-en","7":"pa_velikost-165-cm-en","8":"pa_velikost-170-cm-en","9":"pa_velikost-175-cm-en","10":"pa_velikost-180-cm-en","11":"pa_velikost-185-cm-en","12":"pa_velikost-190-cm-en","13":"pa_velikost-195-cm-en","15":"first","16":"outofstock","17":"taxable","18":"shipping-taxable","19":"purchasable","20":"product-type-variable"},"_links":{"self":[{"href":"https:\/\/www.budoshop.si\/en\/wp-json\/wp\/v2\/product\/76792","targetHints":{"allow":["GET"]}}],"collection":[{"href":"https:\/\/www.budoshop.si\/en\/wp-json\/wp\/v2\/product"}],"about":[{"href":"https:\/\/www.budoshop.si\/en\/wp-json\/wp\/v2\/types\/product"}],"replies":[{"embeddable":true,"href":"https:\/\/www.budoshop.si\/en\/wp-json\/wp\/v2\/comments?post=76792"}],"wp:featuredmedia":[{"embeddable":true,"href":"https:\/\/www.budoshop.si\/en\/wp-json\/wp\/v2\/media\/76796"}],"wp:attachment":[{"href":"https:\/\/www.budoshop.si\/en\/wp-json\/wp\/v2\/media?parent=76792"}],"wp:term":[{"taxonomy":"product_brand","embeddable":true,"href":"https:\/\/www.budoshop.si\/en\/wp-json\/wp\/v2\/product_brand?post=76792"},{"taxonomy":"product_cat","embeddable":true,"href":"https:\/\/www.budoshop.si\/en\/wp-json\/wp\/v2\/product_cat?post=76792"},{"taxonomy":"product_tag","embeddable":true,"href":"https:\/\/www.budoshop.si\/en\/wp-json\/wp\/v2\/product_tag?post=76792"}],"curies":[{"name":"wp","href":"https:\/\/api.w.org\/{rel}","templated":true}]}}