{"id":70167,"date":"2018-09-13T06:51:49","date_gmt":"2018-09-13T04:51:49","guid":{"rendered":"https:\/\/budoshop.si\/?product=kitajska-wushu-sablja-z-noznico"},"modified":"2024-10-19T21:08:54","modified_gmt":"2024-10-19T19:08:54","slug":"kitajska-wushu-sablja-z-noznico","status":"publish","type":"product","link":"https:\/\/www.budoshop.si\/en\/izdelek\/kitajska-wushu-sablja-z-noznico\/","title":{"rendered":"Kitajska Wushu sablja z no\u017enico"},"content":{"rendered":"<div style=\"text-align: justify;\"><span style=\"color: #c00000; font-size: small;\">Tradicionalna oblika kitajske WU SHU sablje z masivnim rezilom in no\u017enico. Dol\u017eina rezila je cc. 78 cm. Ro\u010daj z zaklju\u010dki v zlati barvi in tradicionalnimi vise\u010dimi trakovi na njegovem koncu ter no\u017enica, sta iz lesa temno rde\u010de barve. No\u017enica je dodatno okra\u0161ena z poslikavami tradicionalnih kitajskih motivov in kovinskih dekoracij v zlati barvi. Dol\u017eina lesenega ro\u010daja cca. 18cm.<\/p>\n<p>Dol\u017eine rezil (cca.): 75cm<\/p>\n<p><\/span><\/div>\n<div style=\"text-align: justify;\"><span style=\"color: #c00000;\"><br \/><\/span><\/div>\n<div style=\"text-align: justify;\"><span style=\"color: #c00000;\">Opozorilo!<br \/>\u25ba Artikel je namenjen samo dekorativni uporabi oziroma osebnemu treningu borilnih ve\u0161\u010din.<br \/>\u25ba Po prodaji, prodajalec ni ve\u010d odgovoren za nikakr\u0161ne po\u0161kodbe, ki se lahko zgodijo zaradi napa\u010dne uporabe ali zanemarjanja teh opozoril. Novi lastnik prevzema popolno odgovornost za skrb in uporabo tega artikla.<br \/>\u25ba Vsakr\u0161na napa\u010dna uporaba ali nepazljivost lahko vam ali drugemu povzro\u010di resne po\u0161kodbe ali celo smrt!<br \/>\u25ba Ta artikel se v nobenem primeru ne sme uporabljati na drugi osebi!<br \/><\/span><\/div>\n<div style=\"text-align: left;\"><span style=\"color: #c00000;\"><\/span><span style=\"color: #c00000;\"><\/span><br \/><span style=\"color: #c00000;\"><\/span><\/div>\n","protected":false},"excerpt":{"rendered":"<p><span style=\"color: #002060;\"><strong>Masivna kitajska Wushu sablja z no\u017enico.<\/strong><\/span><\/p>\n","protected":false},"featured_media":70169,"comment_status":"open","ping_status":"closed","template":"","meta":[],"product_brand":[],"product_cat":[2211],"product_tag":[],"class_list":{"0":"post-70167","1":"product","2":"type-product","3":"status-publish","4":"has-post-thumbnail","6":"product_cat-nekategorizirano","8":"first","9":"outofstock","10":"taxable","11":"shipping-taxable","12":"purchasable","13":"product-type-simple"},"_links":{"self":[{"href":"https:\/\/www.budoshop.si\/en\/wp-json\/wp\/v2\/product\/70167","targetHints":{"allow":["GET"]}}],"collection":[{"href":"https:\/\/www.budoshop.si\/en\/wp-json\/wp\/v2\/product"}],"about":[{"href":"https:\/\/www.budoshop.si\/en\/wp-json\/wp\/v2\/types\/product"}],"replies":[{"embeddable":true,"href":"https:\/\/www.budoshop.si\/en\/wp-json\/wp\/v2\/comments?post=70167"}],"wp:featuredmedia":[{"embeddable":true,"href":"https:\/\/www.budoshop.si\/en\/wp-json\/wp\/v2\/media\/70169"}],"wp:attachment":[{"href":"https:\/\/www.budoshop.si\/en\/wp-json\/wp\/v2\/media?parent=70167"}],"wp:term":[{"taxonomy":"product_brand","embeddable":true,"href":"https:\/\/www.budoshop.si\/en\/wp-json\/wp\/v2\/product_brand?post=70167"},{"taxonomy":"product_cat","embeddable":true,"href":"https:\/\/www.budoshop.si\/en\/wp-json\/wp\/v2\/product_cat?post=70167"},{"taxonomy":"product_tag","embeddable":true,"href":"https:\/\/www.budoshop.si\/en\/wp-json\/wp\/v2\/product_tag?post=70167"}],"curies":[{"name":"wp","href":"https:\/\/api.w.org\/{rel}","templated":true}]}}